{"id":900,"date":"2018-05-04T13:10:33","date_gmt":"2018-05-04T16:10:33","guid":{"rendered":"http:\/\/www.quilombhoje.com.br\/site\/?page_id=900"},"modified":"2024-04-10T12:22:11","modified_gmt":"2024-04-10T15:22:11","slug":"cadernos-negros","status":"publish","type":"page","link":"https:\/\/www.quilombhoje.com.br\/site\/cadernos-negros\/","title":{"rendered":"Cadernos Negros"},"content":{"rendered":"<p>Criada em 1978, e publicada anualmente e ininterruptamente desde ent\u00e3o, a s\u00e9rie vem se tornando um marco.<\/p>\n<h2>Cadernos Negros 45 anos<\/h2>\n<p>\t\t\t\t\t\t\t\t\t\t<img width=\"142\" height=\"45\" src=\"http:\/\/www.quilombhoje.com.br\/site\/wp-content\/uploads\/2018\/05\/tres-adinkras-1.png\" alt=\"\" decoding=\"async\" loading=\"lazy\" \/><br \/>\n\t\t\t\t\t\t\t\t\t\t<img width=\"865\" height=\"534\" src=\"http:\/\/www.quilombhoje.com.br\/site\/wp-content\/uploads\/2018\/05\/cn40decima.jpeg\" alt=\"\" decoding=\"async\" loading=\"lazy\" srcset=\"https:\/\/www.quilombhoje.com.br\/site\/wp-content\/uploads\/2018\/05\/cn40decima.jpeg 865w, https:\/\/www.quilombhoje.com.br\/site\/wp-content\/uploads\/2018\/05\/cn40decima-300x185.jpeg 300w, https:\/\/www.quilombhoje.com.br\/site\/wp-content\/uploads\/2018\/05\/cn40decima-768x474.jpeg 768w\" sizes=\"(max-width: 865px) 100vw, 865px\" \/>\t\t\t\t\t\t\t\t\t\t\t<\/p>\n<p>Durante toda a hist\u00f3ria do Brasil, mas especialmente no per\u00edodo p\u00f3s-aboli\u00e7\u00e3o, tivemos afrodescendentes que ousaram adentrar o campo da cria\u00e7\u00e3o liter\u00e1ria e construir obras que se mostraram duradouras. Podemos citar Cruz e Souza, Lima Barreto, Lu\u00eds Gama, Auta de Souza e, mais recentemente, Solano Trindade e Carolina Maria de Jesus, dentre outros.<\/p>\n<p><strong>1978<\/strong><\/p>\n<p>A partir de 1978 a produ\u00e7\u00e3o liter\u00e1ria afro-brasileira dinamizou-se bastante por conta da cria\u00e7\u00e3o da s\u00e9rie <em>Cadernos Negros<\/em>, que, publicando contos e poemas, tem se tornado o principal ve\u00edculo de divulga\u00e7\u00e3o da escrita daqueles que resolvem colocar no papel suas experi\u00eancias e vis\u00e3o de mundo.<\/p>\n<p>Al\u00e9m de proporcionar espa\u00e7o para os criadores, a s\u00e9rie, organizada pelo Quilombhoje, tamb\u00e9m vem se tornando um instrumento para o exerc\u00edcio da lei 10639\/11645, pois se constitui numa fonte extremamente rica para veicula\u00e7\u00e3o da cultura, do pensamento e do modo de vida dos afro-brasileiros.<\/p>\n<p><strong>De 1978 a 2023<\/strong><\/p>\n<p>Quarenta e quatro volumes foram lan\u00e7ados, um por ano, alternando contos e poemas, proporcionando visibilidade para autores afrodescendentes e fomentando n\u00e3o s\u00f3 a literatura negra, mas tamb\u00e9m a produ\u00e7\u00e3o liter\u00e1ria das periferias.<\/p>\n<figure>\n\t\t\t\t\t\t\t\t\t\t\t<a href=\"http:\/\/www.quilombhoje.com.br\/site\/wp-content\/uploads\/2018\/05\/lancamentoCN1.jpg\" data-elementor-open-lightbox=\"default\"><br \/>\n\t\t\t\t\t\t\t<img width=\"720\" height=\"484\" src=\"http:\/\/www.quilombhoje.com.br\/site\/wp-content\/uploads\/2018\/05\/lancamentoCN1.jpg\" alt=\"\" decoding=\"async\" loading=\"lazy\" srcset=\"https:\/\/www.quilombhoje.com.br\/site\/wp-content\/uploads\/2018\/05\/lancamentoCN1.jpg 800w, https:\/\/www.quilombhoje.com.br\/site\/wp-content\/uploads\/2018\/05\/lancamentoCN1-300x202.jpg 300w, https:\/\/www.quilombhoje.com.br\/site\/wp-content\/uploads\/2018\/05\/lancamentoCN1-768x516.jpg 768w, https:\/\/www.quilombhoje.com.br\/site\/wp-content\/uploads\/2018\/05\/lancamentoCN1-272x182.jpg 272w\" sizes=\"(max-width: 720px) 100vw, 720px\" \/>\t\t\t\t\t\t\t\t<\/a><figcaption>Lan\u00e7amento do Cadernos Negros 1, na livraria Teixeira, centro de S\u00e3o Paulo, em 1978<\/figcaption><\/figure>\n<p><em>Cadernos Negros<\/em> representa uma experi\u00eancia singular que vem arregimentando autores e autoras de gera\u00e7\u00f5es diferentes, bem como de regi\u00f5es distintas, em uma periodiza\u00e7\u00e3o ininterrupta, com a altern\u00e2ncia dos g\u00eaneros poesia e prosa.<\/p>\n<p>Voc\u00ea pode ler mais um pouco sobre a <a href=\"http:\/\/www.quilombhoje.com.br\/cnequilombhoje-marcio.pdf\">hist\u00f3ria de Cadernos Negros e do in\u00edcio<\/a> do Quilombhoje neste <a href=\"http:\/\/www.quilombhoje.com.br\/cnequilombhoje-marcio.pdf\">artigo<\/a>. Este outro <a href=\"https:\/\/issuu.com\/mbantu\/docs\/historicotresdecadas\">artigo<\/a> foi publicado por ocasi\u00e3o das <a href=\"https:\/\/issuu.com\/mbantu\/docs\/historicotresdecadas\">tr\u00eas d\u00e9cadas<\/a> de Cadernos.<\/p>\n<figure>\n\t\t\t\t\t\t\t\t\t\t\t<a href=\"http:\/\/www.quilombhoje.com.br\/site\/wp-content\/uploads\/2018\/05\/lancamentoCN40-1.jpg\" data-elementor-open-lightbox=\"default\"><br \/>\n\t\t\t\t\t\t\t<img width=\"720\" height=\"405\" src=\"http:\/\/www.quilombhoje.com.br\/site\/wp-content\/uploads\/2018\/05\/lancamentoCN40-1.jpg\" alt=\"\" decoding=\"async\" loading=\"lazy\" srcset=\"https:\/\/www.quilombhoje.com.br\/site\/wp-content\/uploads\/2018\/05\/lancamentoCN40-1.jpg 960w, https:\/\/www.quilombhoje.com.br\/site\/wp-content\/uploads\/2018\/05\/lancamentoCN40-1-300x169.jpg 300w, https:\/\/www.quilombhoje.com.br\/site\/wp-content\/uploads\/2018\/05\/lancamentoCN40-1-768x432.jpg 768w\" sizes=\"(max-width: 720px) 100vw, 720px\" \/>\t\t\t\t\t\t\t\t<\/a><figcaption>Lan\u00e7amento do Cadernos Negros 40, na Academia Paulista de Letras, em 2017<\/figcaption><\/figure>\n<p>Ao fomentar a produ\u00e7\u00e3o liter\u00e1ria dos que n\u00e3o t\u00eam voz na literatura can\u00f4nica, os Cadernos tamb\u00e9m estimulam a produ\u00e7\u00e3o liter\u00e1ria perif\u00e9rica.<\/p>\n<p>\t\t\t\t\t\t\t\t\t\t\t<a href=\"http:\/\/www.quilombhoje.com.br\/site\/wp-content\/uploads\/2018\/05\/CapaLivroCN40-Eduardo.jpg\" data-elementor-open-lightbox=\"default\"><br \/>\n\t\t\t\t\t\t\t<img width=\"682\" height=\"1024\" src=\"http:\/\/www.quilombhoje.com.br\/site\/wp-content\/uploads\/2018\/05\/CapaLivroCN40-Eduardo-682x1024.jpg\" alt=\"\" decoding=\"async\" loading=\"lazy\" srcset=\"https:\/\/www.quilombhoje.com.br\/site\/wp-content\/uploads\/2018\/05\/CapaLivroCN40-Eduardo-682x1024.jpg 682w, https:\/\/www.quilombhoje.com.br\/site\/wp-content\/uploads\/2018\/05\/CapaLivroCN40-Eduardo-200x300.jpg 200w, https:\/\/www.quilombhoje.com.br\/site\/wp-content\/uploads\/2018\/05\/CapaLivroCN40-Eduardo-768x1154.jpg 768w, https:\/\/www.quilombhoje.com.br\/site\/wp-content\/uploads\/2018\/05\/CapaLivroCN40-Eduardo.jpg 1649w\" sizes=\"(max-width: 682px) 100vw, 682px\" \/>\t\t\t\t\t\t\t\t<\/a><br \/>\n\t\t\t\t\t\t\t\t\t\t\t<a href=\"http:\/\/www.quilombhoje.com.br\/site\/wp-content\/uploads\/2018\/05\/CN1.jpg\" data-elementor-open-lightbox=\"default\"><br \/>\n\t\t\t\t\t\t\t<img width=\"389\" height=\"573\" src=\"http:\/\/www.quilombhoje.com.br\/site\/wp-content\/uploads\/2018\/05\/CN1.jpg\" alt=\"\" decoding=\"async\" loading=\"lazy\" srcset=\"https:\/\/www.quilombhoje.com.br\/site\/wp-content\/uploads\/2018\/05\/CN1.jpg 389w, https:\/\/www.quilombhoje.com.br\/site\/wp-content\/uploads\/2018\/05\/CN1-204x300.jpg 204w\" sizes=\"(max-width: 389px) 100vw, 389px\" \/>\t\t\t\t\t\t\t\t<\/a><\/p>\n<p style=\"text-align: center;\">Capas dos volumes 40 e do volume 1<\/p>\n<figure>\n\t\t\t\t\t\t\t\t\t\t\t<a href=\"http:\/\/www.quilombhoje.com.br\/site\/wp-content\/uploads\/2018\/05\/lancamentocn2.jpg\" data-elementor-open-lightbox=\"default\"><br \/>\n\t\t\t\t\t\t\t<img width=\"720\" height=\"474\" src=\"http:\/\/www.quilombhoje.com.br\/site\/wp-content\/uploads\/2018\/05\/lancamentocn2.jpg\" alt=\"\" decoding=\"async\" loading=\"lazy\" srcset=\"https:\/\/www.quilombhoje.com.br\/site\/wp-content\/uploads\/2018\/05\/lancamentocn2.jpg 800w, https:\/\/www.quilombhoje.com.br\/site\/wp-content\/uploads\/2018\/05\/lancamentocn2-300x198.jpg 300w, https:\/\/www.quilombhoje.com.br\/site\/wp-content\/uploads\/2018\/05\/lancamentocn2-768x506.jpg 768w\" sizes=\"(max-width: 720px) 100vw, 720px\" \/>\t\t\t\t\t\t\t\t<\/a><figcaption>Lan\u00e7amento do CN2. Da esq. para a dir.: Neusa, Abelardo, Oswaldo, Colina e Aristides Barbosa<\/figcaption><\/figure>\n<figure>\n\t\t\t\t\t\t\t\t\t\t\t<a href=\"http:\/\/www.quilombhoje.com.br\/site\/wp-content\/uploads\/2018\/05\/lancamentocn16.jpg\" data-elementor-open-lightbox=\"default\"><br \/>\n\t\t\t\t\t\t\t<img width=\"720\" height=\"482\" src=\"http:\/\/www.quilombhoje.com.br\/site\/wp-content\/uploads\/2018\/05\/lancamentocn16.jpg\" alt=\"\" decoding=\"async\" loading=\"lazy\" srcset=\"https:\/\/www.quilombhoje.com.br\/site\/wp-content\/uploads\/2018\/05\/lancamentocn16.jpg 800w, https:\/\/www.quilombhoje.com.br\/site\/wp-content\/uploads\/2018\/05\/lancamentocn16-300x201.jpg 300w, https:\/\/www.quilombhoje.com.br\/site\/wp-content\/uploads\/2018\/05\/lancamentocn16-768x515.jpg 768w, https:\/\/www.quilombhoje.com.br\/site\/wp-content\/uploads\/2018\/05\/lancamentocn16-272x182.jpg 272w\" sizes=\"(max-width: 720px) 100vw, 720px\" \/>\t\t\t\t\t\t\t\t<\/a><figcaption>Leitorxs no lan\u00e7amento do CN16, no Sindicato dos Banc\u00e1rios, em S\u00e3o Paulo<\/figcaption><\/figure>\n<figure>\n\t\t\t\t\t\t\t\t\t\t\t<a href=\"http:\/\/www.quilombhoje.com.br\/site\/wp-content\/uploads\/2018\/05\/lancamentocn26.jpg\" data-elementor-open-lightbox=\"default\"><br \/>\n\t\t\t\t\t\t\t<img width=\"720\" height=\"474\" src=\"http:\/\/www.quilombhoje.com.br\/site\/wp-content\/uploads\/2018\/05\/lancamentocn26.jpg\" alt=\"\" decoding=\"async\" loading=\"lazy\" srcset=\"https:\/\/www.quilombhoje.com.br\/site\/wp-content\/uploads\/2018\/05\/lancamentocn26.jpg 800w, https:\/\/www.quilombhoje.com.br\/site\/wp-content\/uploads\/2018\/05\/lancamentocn26-300x198.jpg 300w, https:\/\/www.quilombhoje.com.br\/site\/wp-content\/uploads\/2018\/05\/lancamentocn26-768x506.jpg 768w\" sizes=\"(max-width: 720px) 100vw, 720px\" \/>\t\t\t\t\t\t\t\t<\/a><figcaption>Lan\u00e7amento do CN26, no Sesc Paulista<\/figcaption><\/figure>\n<figure>\n\t\t\t\t\t\t\t\t\t\t\t<a href=\"http:\/\/www.quilombhoje.com.br\/site\/wp-content\/uploads\/2018\/05\/lancamentoSalvadorCriancaLendo.jpg\" data-elementor-open-lightbox=\"default\"><br \/>\n\t\t\t\t\t\t\t<img width=\"720\" height=\"478\" src=\"http:\/\/www.quilombhoje.com.br\/site\/wp-content\/uploads\/2018\/05\/lancamentoSalvadorCriancaLendo.jpg\" alt=\"\" decoding=\"async\" loading=\"lazy\" srcset=\"https:\/\/www.quilombhoje.com.br\/site\/wp-content\/uploads\/2018\/05\/lancamentoSalvadorCriancaLendo.jpg 960w, https:\/\/www.quilombhoje.com.br\/site\/wp-content\/uploads\/2018\/05\/lancamentoSalvadorCriancaLendo-300x199.jpg 300w, https:\/\/www.quilombhoje.com.br\/site\/wp-content\/uploads\/2018\/05\/lancamentoSalvadorCriancaLendo-768x510.jpg 768w, https:\/\/www.quilombhoje.com.br\/site\/wp-content\/uploads\/2018\/05\/lancamentoSalvadorCriancaLendo-272x182.jpg 272w\" sizes=\"(max-width: 720px) 100vw, 720px\" \/>\t\t\t\t\t\t\t\t<\/a><figcaption>Lan\u00e7amento do CN39 em Salvador<\/figcaption><\/figure>\n<figure>\n\t\t\t\t\t\t\t\t\t\t\t<a href=\"http:\/\/www.quilombhoje.com.br\/site\/wp-content\/uploads\/2018\/05\/fotoCursoLitNegra2-web.jpg\" data-elementor-open-lightbox=\"default\"><br \/>\n\t\t\t\t\t\t\t<img width=\"2362\" height=\"1671\" src=\"http:\/\/www.quilombhoje.com.br\/site\/wp-content\/uploads\/2018\/05\/fotoCursoLitNegra2-web.jpg\" alt=\"\" decoding=\"async\" loading=\"lazy\" srcset=\"https:\/\/www.quilombhoje.com.br\/site\/wp-content\/uploads\/2018\/05\/fotoCursoLitNegra2-web.jpg 2362w, https:\/\/www.quilombhoje.com.br\/site\/wp-content\/uploads\/2018\/05\/fotoCursoLitNegra2-web-300x212.jpg 300w, https:\/\/www.quilombhoje.com.br\/site\/wp-content\/uploads\/2018\/05\/fotoCursoLitNegra2-web-768x543.jpg 768w, https:\/\/www.quilombhoje.com.br\/site\/wp-content\/uploads\/2018\/05\/fotoCursoLitNegra2-web-1024x724.jpg 1024w\" sizes=\"(max-width: 2362px) 100vw, 2362px\" \/>\t\t\t\t\t\t\t\t<\/a><figcaption>Curso de literatura negra em Salvador<\/figcaption><\/figure>\n<figure>\n\t\t\t\t\t\t\t\t\t\t\t<a href=\"http:\/\/www.quilombhoje.com.br\/site\/wp-content\/uploads\/2018\/05\/fotoCursoLitNegra4-web.jpg\" data-elementor-open-lightbox=\"default\"><br \/>\n\t\t\t\t\t\t\t<img width=\"2362\" height=\"1568\" src=\"http:\/\/www.quilombhoje.com.br\/site\/wp-content\/uploads\/2018\/05\/fotoCursoLitNegra4-web.jpg\" alt=\"\" decoding=\"async\" loading=\"lazy\" srcset=\"https:\/\/www.quilombhoje.com.br\/site\/wp-content\/uploads\/2018\/05\/fotoCursoLitNegra4-web.jpg 2362w, https:\/\/www.quilombhoje.com.br\/site\/wp-content\/uploads\/2018\/05\/fotoCursoLitNegra4-web-300x199.jpg 300w, https:\/\/www.quilombhoje.com.br\/site\/wp-content\/uploads\/2018\/05\/fotoCursoLitNegra4-web-768x510.jpg 768w, https:\/\/www.quilombhoje.com.br\/site\/wp-content\/uploads\/2018\/05\/fotoCursoLitNegra4-web-1024x680.jpg 1024w, https:\/\/www.quilombhoje.com.br\/site\/wp-content\/uploads\/2018\/05\/fotoCursoLitNegra4-web-272x182.jpg 272w\" sizes=\"(max-width: 2362px) 100vw, 2362px\" \/>\t\t\t\t\t\t\t\t<\/a><figcaption>Curso de literatura negra em Salvador<\/figcaption><\/figure>\n<p>\t\t\t\t\t\t\t\t\t\t\t<a href=\"http:\/\/www.quilombhoje.com.br\/site\/wp-content\/uploads\/2018\/05\/CadernosNegros1-front-blacknote.jpg\" data-elementor-open-lightbox=\"default\"><br \/>\n\t\t\t\t\t\t\t<img width=\"720\" height=\"1080\" src=\"http:\/\/www.quilombhoje.com.br\/site\/wp-content\/uploads\/2018\/05\/CadernosNegros1-front-blacknote-768x1152.jpg\" alt=\"\" decoding=\"async\" loading=\"lazy\" srcset=\"https:\/\/www.quilombhoje.com.br\/site\/wp-content\/uploads\/2018\/05\/CadernosNegros1-front-blacknote-768x1152.jpg 768w, https:\/\/www.quilombhoje.com.br\/site\/wp-content\/uploads\/2018\/05\/CadernosNegros1-front-blacknote-200x300.jpg 200w, https:\/\/www.quilombhoje.com.br\/site\/wp-content\/uploads\/2018\/05\/CadernosNegros1-front-blacknote-682x1024.jpg 682w, https:\/\/www.quilombhoje.com.br\/site\/wp-content\/uploads\/2018\/05\/CadernosNegros1-front-blacknote.jpg 1812w\" sizes=\"(max-width: 720px) 100vw, 720px\" \/>\t\t\t\t\t\t\t\t<\/a><br \/>\n\t\t\t\t\t\t\t\t\t\t\t<a href=\"http:\/\/www.quilombhoje.com.br\/site\/wp-content\/uploads\/2018\/05\/CadernosNegros2-front-blacknote.jpg\" data-elementor-open-lightbox=\"default\"><br \/>\n\t\t\t\t\t\t\t<img width=\"720\" height=\"1122\" src=\"http:\/\/www.quilombhoje.com.br\/site\/wp-content\/uploads\/2018\/05\/CadernosNegros2-front-blacknote-768x1197.jpg\" alt=\"\" decoding=\"async\" loading=\"lazy\" srcset=\"https:\/\/www.quilombhoje.com.br\/site\/wp-content\/uploads\/2018\/05\/CadernosNegros2-front-blacknote-768x1197.jpg 768w, https:\/\/www.quilombhoje.com.br\/site\/wp-content\/uploads\/2018\/05\/CadernosNegros2-front-blacknote-192x300.jpg 192w, https:\/\/www.quilombhoje.com.br\/site\/wp-content\/uploads\/2018\/05\/CadernosNegros2-front-blacknote-657x1024.jpg 657w\" sizes=\"(max-width: 720px) 100vw, 720px\" \/>\t\t\t\t\t\t\t\t<\/a><\/p>\n<p style=\"text-align: center;\">Capas de volumes de contos e poemas de Cadernos Negros traduzidos para o ingl\u00eas<\/p>\n<p>\t\t\t\t\t\t\t\t\t\t\t<a href=\"http:\/\/www.quilombhoje.com.br\/site\/wp-content\/uploads\/2018\/05\/CadernosFotoHeadFace-1.jpg\" data-elementor-open-lightbox=\"default\"><br \/>\n\t\t\t\t\t\t\t<img width=\"720\" height=\"405\" src=\"http:\/\/www.quilombhoje.com.br\/site\/wp-content\/uploads\/2018\/05\/CadernosFotoHeadFace-1.jpg\" alt=\"\" decoding=\"async\" loading=\"lazy\" srcset=\"https:\/\/www.quilombhoje.com.br\/site\/wp-content\/uploads\/2018\/05\/CadernosFotoHeadFace-1.jpg 960w, https:\/\/www.quilombhoje.com.br\/site\/wp-content\/uploads\/2018\/05\/CadernosFotoHeadFace-1-300x169.jpg 300w, https:\/\/www.quilombhoje.com.br\/site\/wp-content\/uploads\/2018\/05\/CadernosFotoHeadFace-1-768x432.jpg 768w\" sizes=\"(max-width: 720px) 100vw, 720px\" \/>\t\t\t\t\t\t\t\t<\/a><br \/>\n\t\t\t\t\t\t\t\t\t\t\t<a href=\"http:\/\/www.quilombhoje.com.br\/site\/wp-content\/uploads\/2018\/05\/EoLivroEmail.jpg\" data-elementor-open-lightbox=\"default\"><br \/>\n\t\t\t\t\t\t\t<img width=\"591\" height=\"443\" src=\"http:\/\/www.quilombhoje.com.br\/site\/wp-content\/uploads\/2018\/05\/EoLivroEmail.jpg\" alt=\"\" decoding=\"async\" loading=\"lazy\" srcset=\"https:\/\/www.quilombhoje.com.br\/site\/wp-content\/uploads\/2018\/05\/EoLivroEmail.jpg 591w, https:\/\/www.quilombhoje.com.br\/site\/wp-content\/uploads\/2018\/05\/EoLivroEmail-300x225.jpg 300w\" sizes=\"(max-width: 591px) 100vw, 591px\" \/>\t\t\t\t\t\t\t\t<\/a><\/p>\n<p style=\"text-align: center;\">Capas dos volumes 35 e 37<\/p>\n","protected":false},"excerpt":{"rendered":"<p>Criada em 1978, e publicada anualmente e ininterruptamente desde ent\u00e3o, a s\u00e9rie vem se tornando um marco. Cadernos Negros 45 anos Durante toda a hist\u00f3ria do Brasil, mas especialmente no per\u00edodo p\u00f3s-aboli\u00e7\u00e3o, tivemos afrodescendentes que ousaram adentrar o campo da cria\u00e7\u00e3o liter\u00e1ria e construir obras que se mostraram duradouras. Podemos citar Cruz e Souza, Lima [&hellip;]<\/p>\n","protected":false},"author":1,"featured_media":0,"parent":0,"menu_order":0,"comment_status":"closed","ping_status":"closed","template":"","meta":[],"_links":{"self":[{"href":"https:\/\/www.quilombhoje.com.br\/site\/wp-json\/wp\/v2\/pages\/900"}],"collection":[{"href":"https:\/\/www.quilombhoje.com.br\/site\/wp-json\/wp\/v2\/pages"}],"about":[{"href":"https:\/\/www.quilombhoje.com.br\/site\/wp-json\/wp\/v2\/types\/page"}],"author":[{"embeddable":true,"href":"https:\/\/www.quilombhoje.com.br\/site\/wp-json\/wp\/v2\/users\/1"}],"replies":[{"embeddable":true,"href":"https:\/\/www.quilombhoje.com.br\/site\/wp-json\/wp\/v2\/comments?post=900"}],"version-history":[{"count":29,"href":"https:\/\/www.quilombhoje.com.br\/site\/wp-json\/wp\/v2\/pages\/900\/revisions"}],"predecessor-version":[{"id":1745,"href":"https:\/\/www.quilombhoje.com.br\/site\/wp-json\/wp\/v2\/pages\/900\/revisions\/1745"}],"wp:attachment":[{"href":"https:\/\/www.quilombhoje.com.br\/site\/wp-json\/wp\/v2\/media?parent=900"}],"curies":[{"name":"wp","href":"https:\/\/api.w.org\/{rel}","templated":true}]}}