{"id":54,"date":"2018-04-04T21:07:53","date_gmt":"2018-04-05T00:07:53","guid":{"rendered":"http:\/\/www.quilombhoje.com.br\/site\/?page_id=54"},"modified":"2020-08-04T05:32:39","modified_gmt":"2020-08-04T08:32:39","slug":"cadastro","status":"publish","type":"page","link":"https:\/\/www.quilombhoje.com.br\/site\/cadastro\/","title":{"rendered":"CADASTRO"},"content":{"rendered":"<p><b>Se voc\u00ea quiser que o <i>Quilombhoje<\/i> mantenha contato com voc\u00ea, enviando convites para lan\u00e7amentos e outros eventos, cadastre-se clicando no primeiro link abaixo. <\/b><\/p>\n<p><b>Mas se, al\u00e9m disso, voc\u00ea escreve e quer mais informa\u00e7\u00f5es sobre o processo de sele\u00e7\u00e3o para <em>Cadernos Negros<\/em>, incluindo o recebimento de carta-convite e de convites para lan\u00e7amentos, cadastre-se no segundo link. Os dados enviados ser\u00e3o de uso exclusivo do Quilombhoje. Note que provedores como hotmail e yahoo bloqueiam os e-mails que enviamos. Se puder fornecer outro provedor, como gmail, \u00e9 melhor. Al\u00e9m disso, \u00e9 legal checar a caixa de spam de vez em quando.\u00a0Escolha um dos dois abaixo. \u00a0Ax\u00e9!<\/b><\/p>\n","protected":false},"excerpt":{"rendered":"<p>Se voc\u00ea quiser que o Quilombhoje mantenha contato com voc\u00ea, enviando convites para lan\u00e7amentos e outros eventos, cadastre-se clicando no primeiro link abaixo. Mas se, al\u00e9m disso, voc\u00ea escreve e quer mais informa\u00e7\u00f5es sobre o processo de sele\u00e7\u00e3o para Cadernos Negros, incluindo o recebimento de carta-convite e de convites para lan\u00e7amentos, cadastre-se no segundo link. [&hellip;]<\/p>\n","protected":false},"author":1,"featured_media":0,"parent":0,"menu_order":0,"comment_status":"closed","ping_status":"closed","template":"","meta":[],"_links":{"self":[{"href":"https:\/\/www.quilombhoje.com.br\/site\/wp-json\/wp\/v2\/pages\/54"}],"collection":[{"href":"https:\/\/www.quilombhoje.com.br\/site\/wp-json\/wp\/v2\/pages"}],"about":[{"href":"https:\/\/www.quilombhoje.com.br\/site\/wp-json\/wp\/v2\/types\/page"}],"author":[{"embeddable":true,"href":"https:\/\/www.quilombhoje.com.br\/site\/wp-json\/wp\/v2\/users\/1"}],"replies":[{"embeddable":true,"href":"https:\/\/www.quilombhoje.com.br\/site\/wp-json\/wp\/v2\/comments?post=54"}],"version-history":[{"count":23,"href":"https:\/\/www.quilombhoje.com.br\/site\/wp-json\/wp\/v2\/pages\/54\/revisions"}],"predecessor-version":[{"id":1699,"href":"https:\/\/www.quilombhoje.com.br\/site\/wp-json\/wp\/v2\/pages\/54\/revisions\/1699"}],"wp:attachment":[{"href":"https:\/\/www.quilombhoje.com.br\/site\/wp-json\/wp\/v2\/media?parent=54"}],"curies":[{"name":"wp","href":"https:\/\/api.w.org\/{rel}","templated":true}]}}