{"id":1538,"date":"2019-02-17T23:21:06","date_gmt":"2019-02-18T02:21:06","guid":{"rendered":"http:\/\/www.quilombhoje.com.br\/site\/?page_id=1538"},"modified":"2019-04-12T03:09:12","modified_gmt":"2019-04-12T06:09:12","slug":"antologiaafrojovem","status":"publish","type":"page","link":"https:\/\/www.quilombhoje.com.br\/site\/antologiaafrojovem\/","title":{"rendered":"ANTOLOGIA JOVEM"},"content":{"rendered":"<div id=\"pl-1538\"  class=\"panel-layout\" ><div id=\"pg-1538-0\"  class=\"panel-grid panel-no-style\" ><div id=\"pgc-1538-0-0\"  class=\"panel-grid-cell\" ><div id=\"panel-1538-0-0-0\" class=\"so-panel widget widget_sow-image panel-first-child\" data-index=\"0\" ><div class=\"so-widget-sow-image so-widget-sow-image-default-14e27a937b62\">\n\n<div class=\"sow-image-container\">\n\t<img src=\"https:\/\/www.quilombhoje.com.br\/site\/wp-content\/uploads\/2019\/02\/doisjovenseletras.jpg\" width=\"700\" height=\"444\" srcset=\"https:\/\/www.quilombhoje.com.br\/site\/wp-content\/uploads\/2019\/02\/doisjovenseletras.jpg 700w, https:\/\/www.quilombhoje.com.br\/site\/wp-content\/uploads\/2019\/02\/doisjovenseletras-300x190.jpg 300w\" sizes=\"(max-width: 700px) 100vw, 700px\" \t\tclass=\"so-widget-image\"\/>\n<\/div>\n\n<\/div><\/div><div id=\"panel-1538-0-0-1\" class=\"so-panel widget widget_sow-editor\" data-index=\"1\" ><div class=\"so-widget-sow-editor so-widget-sow-editor-base\">\n<div class=\"siteorigin-widget-tinymce textwidget\">\n\t<p><span style=\"color: #ff0000; font-size: 14pt;\">DATA-LIMITE PARA ENVIO DOS TEXTOS: 10 DE ABRIL DE 2019 (<strong>ENCERRADO<\/strong>)<\/span><\/p>\n<p>&nbsp;<\/p>\n<p><span style=\"font-size: 14pt;\"><strong>RESIST\u00caNCIA AFROLITER\u00c1RIA: CONTINUIDADES<br \/>\n<\/strong><\/span><span style=\"font-size: 14pt;\"><strong>condi\u00e7\u00f5es de participa\u00e7\u00e3o\u00a0<\/strong><\/span><\/p>\n<p>&nbsp;<\/p>\n<p><span style=\"font-size: 14pt;\"><strong>Objetivo:\u00a0<\/strong><\/span><br \/>\n<span style=\"font-size: 14pt;\">Este projeto tem o objetivo de propor maior visibilidade para a literatura afro-brasileira, especialmente para a produ\u00e7\u00e3o de jovens escritorxs, por meio da publica\u00e7\u00e3o de livros que dar\u00e3o continuidade a propostas que j\u00e1 v\u00eam sendo executadas h\u00e1 muito tempo, como os <em>Cadernos Negros<\/em>, do Quilombhoje Literatura. Desse modo, pretende-se tamb\u00e9m estimular o conhecimento e a reflex\u00e3o, estimulando-se o h\u00e1bito da leitura. O projeto \u00e9 de iniciativa de M\u00e1rcio Barbosa e ser\u00e1 realizado pela Bantu Cultural, pelo coletivo Afrojovem e pelo Quilombhoje com apoio do Proac.<\/span><\/p>\n<p><span style=\"font-size: 14pt;\"><br \/>\n<\/span><span style=\"font-size: 14pt;\"><strong>G\u00eanero:<\/strong><\/span><br \/>\n<span style=\"font-size: 14pt;\">Poder\u00e3o ser enviados poemas <em>ou<\/em> contos, conforme abaixo:<\/span><\/p>\n<ol>\n<li><span style=\"font-size: 14pt;\"><strong>O que \u00e9 conto?<\/strong>\u00a0Para ajudar a refletir, vamos relembrar aqui uma defini\u00e7\u00e3o:\u00a0\"O conto caracteriza-se por ser uma narrativa curta, um texto em prosa que d\u00e1 o seu recado em reduzido n\u00famero de p\u00e1ginas ou linhas\". Apresenta como sua maior qualidade os fatores concis\u00e3o e brevidade. Deve produzir, em quem o l\u00ea, um efeito de impacto. Esse efeito tanto pode resultar da natureza ins\u00f3lita do que foi contado, da fei\u00e7\u00e3o surpreendente do epis\u00f3dio ou do modo como foi contado. Esta brevidade, por\u00e9m, n\u00e3o pode comprometer a qualidade do texto, que deve cumprir o seu papel junto ao leitor.\" (Fonte:\u00a0http:\/\/pt.shvoong.com\/humanities\/theory-criticism\/1631545-que-\u00e9-conto\/).\u00a0<\/span><br \/>\n<span style=\"line-height: 1.5; font-size: 14pt;\">Como sempre: forma, conte\u00fado, sonoridade, express\u00e3o. No nosso caso, express\u00e3o dos m\u00faltiplos aspectos da experi\u00eancia afro contempor\u00e2nea (as emo\u00e7\u00f5es, os desejos, as alegrias, as tristezas, a raiva, o humor, os ideais etc.), o que vem sendo feito ao longo dos anos, mas pode ser ampliado. Que os personagens tenham a nossa cara. O racismo \u00e9 uma realidade, mas nossa viv\u00eancia vai al\u00e9m disso. O racismo deve ser denunciado, combatido, extirpado, mas nossa viv\u00eancia \u00e9 m\u00faltipla (risos e rosas, l\u00e1grimas e espinhos, amor e \u00f3dio, e tudo que vive entre esses polos). H\u00e1 v\u00e1rios aspectos da nossa viv\u00eancia que podem ser abordados, e \u00e9 essa viv\u00eancia ampla e inconfund\u00edvel, \u00e9 esse aspecto \u00fanico que queremos. Conto n\u00e3o \u00e9 cr\u00f4nica, conto \u00e9 fic\u00e7\u00e3o, cr\u00f4nica \u00e9 um texto mais jornal\u00edstico.<\/span><\/li>\n<li><span style=\"font-size: 14pt;\"><strong>O que \u00e9 poema?\u00a0<\/strong>Poema pode ser definido como uma obra liter\u00e1ria apresentada geralmente em versos, misturando som, imagem e significado<em>. <\/em>Para Aim\u00e9 C\u00e9saire, a poesia \u00e9 \u201co mergulho na verdade do ser\u201d. Segundo Maya Angelou, para escrever um poema \u201cvoc\u00ea n\u00e3o pode ter medo de sua pr\u00f3pria humanidade\u201d. <em>A poesia est\u00e1 fortemente relacionada com a m\u00fasica<\/em>. Tal como na m\u00fasica, o ritmo tem uma import\u00e2ncia central. Rimas internas e os sons das palavras tamb\u00e9m desempenham pap\u00e9is fundamentais.\u00a0\u00c9 isso: conte\u00fado, forma, sonoridade, musicalidade, imagens, ritmo...\u00a0H\u00e1 pensamentos e sentimentos t\u00e3o inconfessos, originais, universais que s\u00f3 podem vir ao mundo por meio da poesia.\u00a0\u00c9 importante notar que a poesia, quando falada, pode ganhar um brilho que nem sempre fica evidente no papel. \u00c9 bom prestar aten\u00e7\u00e3o em como se comporta a poesia <em>escrita<\/em>. Temas s\u00e3o: <em>amor\/dor<\/em>,\u00a0<em>a supera\u00e7\u00e3o, as vit\u00f3rias, as risadas, a beleza, a sensualidade, a ancestralidade<\/em>. <em>Frustra\u00e7\u00e3o e felicidade fazem parte da vida de todos.<\/em><\/span><\/li>\n<\/ol>\n<p>&nbsp;<\/p>\n<p><span style=\"font-size: 14pt;\"><strong>Envio de textos:<\/strong><\/span><br \/>\n<span style=\"font-size: 14pt;\">- Para se inscrever acesse o formul\u00e1rio de inscri\u00e7\u00e3o no link abaixo:<br \/>\n<a href=\"https:\/\/form.jotformz.com\/90194466042658\" target=\"_blank\" rel=\"noopener\">https:\/\/form.jotformz.com\/90194466042658<\/a><br \/>\n<\/span><\/p>\n<p><span style=\"font-size: 14pt;\">- Os textos devem ser enviados na lauda padr\u00e3o. Link para lauda padr\u00e3o:<\/span><br \/>\n<a href=\"http:\/\/www.quilombhoje.com.br\/LaudaPadraoAntologiaAfroJovem.docx\" target=\"_blank\" rel=\"noopener\"><span style=\"font-size: 14pt;\">http:\/\/www.quilombhoje.com.br\/LaudaPadraoAntologiaAfroJovem.docx<\/span><\/a><\/p>\n<p><span style=\"font-size: 14pt;\">- Data-limite de envio de textos: 10\/04\/2019<\/span><\/p>\n<p><span style=\"font-size: 14pt;\">- Cada autor(a) ir\u00e1 submeter textos a um <strong>processo de avalia\u00e7\u00e3o<\/strong> do qual participar\u00e3o cr\u00edticxs de literatura, professorxs e leitorxs. O processo se dar\u00e1 do seguinte modo:<\/span><\/p>\n<ol>\n<li><span style=\"font-size: 14pt;\">Cada autor(a) poder\u00e1 enviar texto para somente um dos dois g\u00eaneros:<\/span><\/li>\n<li><span style=\"font-size: 14pt;\">um <strong>conto<\/strong> de 2 (duas) at\u00e9 <u>7 (sete) laudas<\/u>, ou<\/span><\/li>\n<li><span style=\"font-size: 14pt;\">at\u00e9 <u>5 (cinco) laudas<\/u> de <strong>poemas<\/strong>.<\/span><\/li>\n<\/ol>\n<p>&nbsp;<\/p>\n<p><span style=\"font-size: 14pt;\"><strong>Sobre a participa\u00e7\u00e3o:\u00a0<\/strong><\/span><br \/>\n<span style=\"font-size: 14pt;\">- Poder\u00e3o participar jovens de 16 a 24 anos que se autodeclarem negrxs \/ pretxs \/ afro-brasileirxs;<\/span><br \/>\n<span style=\"font-size: 14pt;\">- Cada autor(a) poder\u00e1 participar com obra (que dever\u00e1 ser in\u00e9dita em livro) em um \u00fanico g\u00eanero.<\/span><br \/>\n<span style=\"font-size: 14pt;\">- Os textos dever\u00e3o ser enviados na lauda padr\u00e3o e cada autor(a) dever\u00e1 preencher a ficha de cadastro cujos links est\u00e3o nesta p\u00e1gina.<\/span><br \/>\n<span style=\"font-size: 14pt;\">- Ao enviar os textos, autores e autoras devem adotar um pseud\u00f4nimo.<\/span><br \/>\n<span style=\"font-size: 14pt;\">- Os textos passar\u00e3o por um processo de avalia\u00e7\u00e3o. No entanto, antes da publica\u00e7\u00e3o, os textos poder\u00e3o passar por uma revis\u00e3o dxs autorxs.\u00a0<\/span><br \/>\n<span style=\"font-size: 14pt;\">- A participa\u00e7\u00e3o nos projetos n\u00e3o acarretar\u00e1 nenhum custo aos participantes.\u00a0<\/span><br \/>\n<span style=\"font-size: 14pt;\">- Cada autor(a) selecionado(a) receber\u00e1 10 (dez) exemplares do livro publicado.\u00a0<\/span><br \/>\n<span style=\"font-size: 14pt;\">- Ao participar da antologia, autorxs autorizam a publica\u00e7\u00e3o de sua obra, abdicando de qualquer remunera\u00e7\u00e3o sobre ela.<\/span><br \/>\n<span style=\"font-size: 14pt;\">- Ao enviar a obra, cada autor(a) reconhece que ela \u00e9 original e de sua autoria.<\/span><br \/>\n<span style=\"font-size: 14pt;\">- Al\u00e9m dos textos, cada autor(a) dever\u00e1 enviar tamb\u00e9m foto e uma minibiografia.<br \/>\n<\/span><\/p>\n<p>&nbsp;<\/p>\n<p><strong><span style=\"font-size: 14pt;\">Cronograma\u00a0<\/span><\/strong><br \/>\n<span style=\"font-size: 14pt;\">- Data-limite para envio dos textos: 10\/04\/2019\u00a0<\/span><\/p>\n<p>&nbsp;<\/p>\n<p><strong><span style=\"font-size: 14pt;\">Observa\u00e7\u00f5es Gerais:\u00a0<\/span><\/strong><br \/>\n<span style=\"font-size: 14pt;\">- Em caso de d\u00favidas, escreva para o e-mail bantucultural@gmail.com<\/span><br \/>\n<span style=\"font-size: 14pt;\">- Todas as d\u00favidas e casos omissos ser\u00e3o analisados pela coordena\u00e7\u00e3o do projeto e sua decis\u00e3o ser\u00e1 irrecorr\u00edvel.\u00a0<\/span><br \/>\n<span style=\"font-size: 14pt;\">- A equipe reserva-se o direito de alterar qualquer item desta antologia, bem como interromp\u00ea-la, se necess\u00e1rio for, fazendo a comunica\u00e7\u00e3o expressa para os participantes.<\/span><\/p>\n<\/div>\n<\/div><\/div><div id=\"panel-1538-0-0-2\" class=\"so-panel widget widget_media_image panel-last-child\" data-index=\"2\" ><img class=\"image \" src=\"http:\/\/www.quilombhoje.com.br\/site\/wp-content\/uploads\/2019\/02\/rodape.jpg\" alt=\"\" width=\"800\" height=\"200\" \/><\/div><\/div><\/div><\/div>","protected":false},"excerpt":{"rendered":"<p>DATA-LIMITE PARA ENVIO DOS TEXTOS: 10 DE ABRIL DE 2019 (ENCERRADO) &nbsp; RESIST\u00caNCIA AFROLITER\u00c1RIA: CONTINUIDADES condi\u00e7\u00f5es de participa\u00e7\u00e3o\u00a0 &nbsp; Objetivo:\u00a0 Este projeto tem o objetivo de propor maior visibilidade para a literatura afro-brasileira, especialmente para a produ\u00e7\u00e3o de jovens escritorxs, por meio da publica\u00e7\u00e3o de livros que dar\u00e3o continuidade a propostas que j\u00e1 v\u00eam sendo [&hellip;]<\/p>\n","protected":false},"author":1,"featured_media":0,"parent":0,"menu_order":0,"comment_status":"closed","ping_status":"closed","template":"home-panels.php","meta":[],"_links":{"self":[{"href":"https:\/\/www.quilombhoje.com.br\/site\/wp-json\/wp\/v2\/pages\/1538"}],"collection":[{"href":"https:\/\/www.quilombhoje.com.br\/site\/wp-json\/wp\/v2\/pages"}],"about":[{"href":"https:\/\/www.quilombhoje.com.br\/site\/wp-json\/wp\/v2\/types\/page"}],"author":[{"embeddable":true,"href":"https:\/\/www.quilombhoje.com.br\/site\/wp-json\/wp\/v2\/users\/1"}],"replies":[{"embeddable":true,"href":"https:\/\/www.quilombhoje.com.br\/site\/wp-json\/wp\/v2\/comments?post=1538"}],"version-history":[{"count":99,"href":"https:\/\/www.quilombhoje.com.br\/site\/wp-json\/wp\/v2\/pages\/1538\/revisions"}],"predecessor-version":[{"id":1650,"href":"https:\/\/www.quilombhoje.com.br\/site\/wp-json\/wp\/v2\/pages\/1538\/revisions\/1650"}],"wp:attachment":[{"href":"https:\/\/www.quilombhoje.com.br\/site\/wp-json\/wp\/v2\/media?parent=1538"}],"curies":[{"name":"wp","href":"https:\/\/api.w.org\/{rel}","templated":true}]}}