{"id":853,"date":"2021-06-04T20:47:22","date_gmt":"2021-06-04T23:47:22","guid":{"rendered":"http:\/\/www.quilombhoje.com.br\/livraria\/?post_type=product&#038;p=853"},"modified":"2022-09-08T08:04:53","modified_gmt":"2022-09-08T11:04:53","slug":"pichon-minha-vida-e-a-revolucao-cubana","status":"publish","type":"product","link":"https:\/\/www.quilombhoje.com.br\/livraria\/index.php\/produto\/pichon-minha-vida-e-a-revolucao-cubana\/","title":{"rendered":"Pich\u00f3n: minha vida e a revolu\u00e7\u00e3o cubana"},"content":{"rendered":"<p>Sobre Pich\u00f3n:<\/p>\n<p>&#8220;Uma das coisas que mais me encanta em Carlos Moore \u00e9 sua coragem de se colocar como sujeito hist\u00f3rico. Em uma \u00e9poca como a nossa, em que \u00e9 t\u00e3o f\u00e1cil se deixar confundir com a multid\u00e3o e se desvencilhar da responsabilidade de sermos homens e mulheres de nosso tempo, sofrendo as interfer\u00eancias da e interferindo na Hist\u00f3ria, Carlos Moore deixa sua marca. <strong>Pich\u00f3n\u00a0<\/strong>\u00e9 mais que a prova disso; \u00e9 leitura indispens\u00e1vel para quem quer entender a luta por direitos, dignidade e \u00e9tica no s\u00e9culo XX e nos que vir\u00e3o.&#8221;<\/p>\n<p><em>Ana Maria Gon\u00e7alves<\/em><\/p>\n<p>&nbsp;<\/p>\n<p>O livro ser\u00e1 enviado ap\u00f3s a compensa\u00e7\u00e3o do boleto.<\/p>\n","protected":false},"excerpt":{"rendered":"<p><b>Pich\u00f3n\u00a0<\/b>\u00e9 um livro de <strong>Carlos Moore<\/strong>, publicado em 2015. Em uma autobiografia, Moore conta sobre seu in\u00edcio de vida em Cuba e a fuga para os Estados Unidos durante a guerra civil, em 1958. Ao crescer ouvindo hist\u00f3rias sobre os EUA, Moore desprezava seu pr\u00f3prio pa\u00eds e idealizava o pa\u00eds norte-americano. At\u00e9 chegar l\u00e1. \u00c9 uma obra sobre intoler\u00e2ncia, luta por direitos, dignidade, \u00e9tica e constru\u00e7\u00e3o de civiliza\u00e7\u00f5es.<\/p>\n","protected":false},"featured_media":854,"template":"","meta":[],"product_cat":[77],"product_tag":[59,81,82,83,84],"_links":{"self":[{"href":"https:\/\/www.quilombhoje.com.br\/livraria\/index.php\/wp-json\/wp\/v2\/product\/853"}],"collection":[{"href":"https:\/\/www.quilombhoje.com.br\/livraria\/index.php\/wp-json\/wp\/v2\/product"}],"about":[{"href":"https:\/\/www.quilombhoje.com.br\/livraria\/index.php\/wp-json\/wp\/v2\/types\/product"}],"wp:featuredmedia":[{"embeddable":true,"href":"https:\/\/www.quilombhoje.com.br\/livraria\/index.php\/wp-json\/wp\/v2\/media\/854"}],"wp:attachment":[{"href":"https:\/\/www.quilombhoje.com.br\/livraria\/index.php\/wp-json\/wp\/v2\/media?parent=853"}],"wp:term":[{"taxonomy":"product_cat","embeddable":true,"href":"https:\/\/www.quilombhoje.com.br\/livraria\/index.php\/wp-json\/wp\/v2\/product_cat?post=853"},{"taxonomy":"product_tag","embeddable":true,"href":"https:\/\/www.quilombhoje.com.br\/livraria\/index.php\/wp-json\/wp\/v2\/product_tag?post=853"}],"curies":[{"name":"wp","href":"https:\/\/api.w.org\/{rel}","templated":true}]}}