{"id":850,"date":"2021-06-04T17:41:09","date_gmt":"2021-06-04T20:41:09","guid":{"rendered":"http:\/\/www.quilombhoje.com.br\/livraria\/?post_type=product&#038;p=850"},"modified":"2022-03-09T20:26:56","modified_gmt":"2022-03-09T23:26:56","slug":"cabeca-preta-pesquisas-sobre-a-questao-racial-em-alagoas","status":"publish","type":"product","link":"https:\/\/www.quilombhoje.com.br\/livraria\/index.php\/produto\/cabeca-preta-pesquisas-sobre-a-questao-racial-em-alagoas\/","title":{"rendered":"Cabe\u00e7a preta: pesquisas sobre a quest\u00e3o racial em Alagoas"},"content":{"rendered":"<p>O Instituto do Negro de Alagoas &#8211; \u00a0INEG\/AL \u00e9 uma organiza\u00e7\u00e3o n\u00e3o governamental vinculada do Movimento Negro de Alagoas. Sua miss\u00e3o \u00e9 a busca da promo\u00e7\u00e3o socioecon\u00f4mica da popula\u00e7\u00e3o negra alagoana nos espa\u00e7os privados e p\u00fablicos do Estado, com \u00eanfase nestes \u00faltimos.<\/p>\n<p>Livro editado pela Nandyala. Ser\u00e1 enviado ap\u00f3s a compensa\u00e7\u00e3o do boleto.<\/p>\n","protected":false},"excerpt":{"rendered":"<p>Atrav\u00e9s de uma cartografia de temas como educa\u00e7\u00e3o, ensino, curr\u00edculo, religi\u00f5es de matriz africana, mulheres negras, identidade racial, hip hop, dan\u00e7a, capoeira e di\u00e1spora, dentre outros, os jovens pesquisadores deste livro apontam para a den\u00fancia do car\u00e1ter estruturante da &#8220;ra\u00e7a&#8221; e do racismo na sociedade brasileira e suas particularidades no estado de Alagoas.<\/p>\n<p><strong>ORGANIZADORES: Jeferson Santos da Silva, S\u00e9rgio da Silva Santos, Denivam Costa de Lima, Williem Silva de Freitas e David Jos\u00e9 Silva Santos.<\/strong><\/p>\n","protected":false},"featured_media":852,"template":"","meta":[],"product_cat":[15,36],"product_tag":[78,80,79],"_links":{"self":[{"href":"https:\/\/www.quilombhoje.com.br\/livraria\/index.php\/wp-json\/wp\/v2\/product\/850"}],"collection":[{"href":"https:\/\/www.quilombhoje.com.br\/livraria\/index.php\/wp-json\/wp\/v2\/product"}],"about":[{"href":"https:\/\/www.quilombhoje.com.br\/livraria\/index.php\/wp-json\/wp\/v2\/types\/product"}],"wp:featuredmedia":[{"embeddable":true,"href":"https:\/\/www.quilombhoje.com.br\/livraria\/index.php\/wp-json\/wp\/v2\/media\/852"}],"wp:attachment":[{"href":"https:\/\/www.quilombhoje.com.br\/livraria\/index.php\/wp-json\/wp\/v2\/media?parent=850"}],"wp:term":[{"taxonomy":"product_cat","embeddable":true,"href":"https:\/\/www.quilombhoje.com.br\/livraria\/index.php\/wp-json\/wp\/v2\/product_cat?post=850"},{"taxonomy":"product_tag","embeddable":true,"href":"https:\/\/www.quilombhoje.com.br\/livraria\/index.php\/wp-json\/wp\/v2\/product_tag?post=850"}],"curies":[{"name":"wp","href":"https:\/\/api.w.org\/{rel}","templated":true}]}}