{"id":848,"date":"2021-06-04T15:41:13","date_gmt":"2021-06-04T18:41:13","guid":{"rendered":"http:\/\/www.quilombhoje.com.br\/livraria\/?post_type=product&#038;p=848"},"modified":"2022-03-09T20:19:56","modified_gmt":"2022-03-09T23:19:56","slug":"minha-carne-diario-de-uma-prisao","status":"publish","type":"product","link":"https:\/\/www.quilombhoje.com.br\/livraria\/index.php\/produto\/minha-carne-diario-de-uma-prisao\/","title":{"rendered":"Minha carne: di\u00e1rio de uma pris\u00e3o"},"content":{"rendered":"<p>No dia 24 de junho de 2019, come\u00e7aria para Preta Ferreira o pesadelo do c\u00e1rcere. Ela e seus familiares foram surpreendidos pela manh\u00e3. Eram dois homens, uma mulher e um mandado de busca e apreens\u00e3o. N\u00e3o seria a primeira nem a \u00faltima vez que Preta precisaria lidar com o abuso do Estado. Nas primeiras p\u00e1ginas de seu di\u00e1rio, a artista j\u00e1 mostra a confian\u00e7a de que o infort\u00fanio duraria, no m\u00e1ximo, alguns dias. No entanto, ao contr\u00e1rio de suas expectativas iniciais, Preta Ferreira ficou presa injustamente at\u00e9 10 de outubro de 2019.<\/p>\n<p>Assim como na <a href=\"http:\/\/www.quilombhoje.com.br\/livraria\/index.php\/produto\/pichon-minha-vid\u2026revolucao-cubana\/\" target=\"_blank\" rel=\"noopener\">biografia de Carlos Moore<\/a>, esta \u00e9 uma biografia em que a determina\u00e7\u00e3o e a coragem prevalecem.<\/p>\n<p>O livro ser\u00e1 enviado ap\u00f3s a compensa\u00e7\u00e3o do boleto.<\/p>\n","protected":false},"excerpt":{"rendered":"<p>Em <em>Minha carne: di\u00e1rio de uma pris\u00e3o<\/em>, est\u00e3o relatados os longos dias de c\u00e1rcere de Preta Ferreira, os processos pelos quais passou, as etapas do sistema prisional, os tr\u00e2mites jur\u00eddicos, as emo\u00e7\u00f5es que viveu e o que ouviu de outras mulheres com quem compartilhou esse tempo. Com oscila\u00e7\u00f5es de humor \u2013 como medo, raiva e tamb\u00e9m inspira\u00e7\u00e3o \u2013, Preta escreve e mescla sua rotina e seus pensamentos com poemas e m\u00fasicas. O tom da obra remete, ainda, a um grito por justi\u00e7a.<\/p>\n<p>O livro conta com uma apresenta\u00e7\u00e3o sobre a vida da cantora e com surpresas inesperadas \u2013 como quando recebeu a visita, em sua casa, da ativista Angela Davis \u2013, al\u00e9m de reflex\u00f5es p\u00f3s-c\u00e1rcere em plena pandemia. Respondendo ao processo em liberdade e obrigada a seguir diversas regras, como hor\u00e1rio para sair e voltar para casa e compromissos no f\u00f3rum de justi\u00e7a, ainda h\u00e1 um \u00e1rduo caminho at\u00e9 a finaliza\u00e7\u00e3o do processo: \u201cEu t\u00f4 livre, mas continuo presa\u201d.<\/p>\n<p>O livro foi publicado pela editora Boitempo.<\/p>\n","protected":false},"featured_media":849,"template":"","meta":[],"product_cat":[15,77],"product_tag":[74,86,75],"_links":{"self":[{"href":"https:\/\/www.quilombhoje.com.br\/livraria\/index.php\/wp-json\/wp\/v2\/product\/848"}],"collection":[{"href":"https:\/\/www.quilombhoje.com.br\/livraria\/index.php\/wp-json\/wp\/v2\/product"}],"about":[{"href":"https:\/\/www.quilombhoje.com.br\/livraria\/index.php\/wp-json\/wp\/v2\/types\/product"}],"wp:featuredmedia":[{"embeddable":true,"href":"https:\/\/www.quilombhoje.com.br\/livraria\/index.php\/wp-json\/wp\/v2\/media\/849"}],"wp:attachment":[{"href":"https:\/\/www.quilombhoje.com.br\/livraria\/index.php\/wp-json\/wp\/v2\/media?parent=848"}],"wp:term":[{"taxonomy":"product_cat","embeddable":true,"href":"https:\/\/www.quilombhoje.com.br\/livraria\/index.php\/wp-json\/wp\/v2\/product_cat?post=848"},{"taxonomy":"product_tag","embeddable":true,"href":"https:\/\/www.quilombhoje.com.br\/livraria\/index.php\/wp-json\/wp\/v2\/product_tag?post=848"}],"curies":[{"name":"wp","href":"https:\/\/api.w.org\/{rel}","templated":true}]}}