{"id":844,"date":"2021-06-04T14:29:41","date_gmt":"2021-06-04T17:29:41","guid":{"rendered":"http:\/\/www.quilombhoje.com.br\/livraria\/?post_type=product&#038;p=844"},"modified":"2022-03-09T20:18:08","modified_gmt":"2022-03-09T23:18:08","slug":"movimento-negro-unificado-a-resistencia-nas-ruas","status":"publish","type":"product","link":"https:\/\/www.quilombhoje.com.br\/livraria\/index.php\/produto\/movimento-negro-unificado-a-resistencia-nas-ruas\/","title":{"rendered":"Movimento Negro Unificado: a resist\u00eancia nas ruas"},"content":{"rendered":"<p>Dividido em duas partes, o livro inicialmente historiciza a funda\u00e7\u00e3o do movimento, apresentando antecedentes, informa\u00e7\u00f5es sobre o contexto em que a luta se dava e depoimentos de alguns dos fundadores do MNU. A segunda parte do livro discute o desenrolar da hist\u00f3ria do movimento e a contemporaneidade da luta. As fotografias aparecem por toda a publica\u00e7\u00e3o, construindo uma narrativa visual que acompanha os temas e a cronologia dos textos escritos, compondo um rico projeto editorial.<\/p>\n<p>O livro ser\u00e1 enviado ap\u00f3s a compensa\u00e7\u00e3o do boleto.<\/p>\n","protected":false},"excerpt":{"rendered":"<p>O MNU, organiza\u00e7\u00e3o criada em 1978, tem sido fundamental no combate ao racismo e na luta por igualdade e justi\u00e7a social em todo o pa\u00eds. Reunir mem\u00f3rias sobre esse percurso \u00e9 a proposta do livro \u201c<strong>Movimento Negro Unificado: a resist\u00eancia nas ruas<\/strong>\u201d, organizado por Ennio Brauns, Gevanilda Santos e Jos\u00e9 Ad\u00e3o de Oliveira, e coeditado por Funda\u00e7\u00e3o Perseu Abramo e Edi\u00e7\u00f5es Sesc.<\/p>\n<p>O livro \u00e9 composto por registros fotogr\u00e1ficos, testemunhos, manifestos e ensaios hist\u00f3ricos que possibilitam percorrer a rica hist\u00f3ria de luta do movimento. As fotografias foram registradas por Ari C\u00e2ndido, Ennio Brauns, Jesus Carlos, Joca Duarte, Juvenal Pereira, Luiz Paulo Lima, Rosa Gauditano, Samuel Tosta e Wagner Celestino. Al\u00e9m dos organizadores, assinam os textos Claudete Gomes Soares, Esmeralda Ribeiro, F\u00e1bio Nogueira de Oliveira, Flavio Carran\u00e7a, Fl\u00e1vio Jorge Rodrigues da Silva, Ieda Leal, Luiz Fernando Costa de Andrade, Janaina Rocha, Joana Ferreira da Silva, L\u00e9lia Gonzalez, Lenny Blue de Oliveira, M\u00e1rcio Barbosa, Maria In\u00eas da Silva, Milton Barbosa, Mirella Domenich, Neusa Maria Pereira, Patricia Casseano, Paulo Rafael da Silva, Paulo Ramos e Rafael Pinto.<\/p>\n<p>&nbsp;<\/p>\n","protected":false},"featured_media":845,"template":"","meta":[],"product_cat":[36,71],"product_tag":[74,73,72],"_links":{"self":[{"href":"https:\/\/www.quilombhoje.com.br\/livraria\/index.php\/wp-json\/wp\/v2\/product\/844"}],"collection":[{"href":"https:\/\/www.quilombhoje.com.br\/livraria\/index.php\/wp-json\/wp\/v2\/product"}],"about":[{"href":"https:\/\/www.quilombhoje.com.br\/livraria\/index.php\/wp-json\/wp\/v2\/types\/product"}],"wp:featuredmedia":[{"embeddable":true,"href":"https:\/\/www.quilombhoje.com.br\/livraria\/index.php\/wp-json\/wp\/v2\/media\/845"}],"wp:attachment":[{"href":"https:\/\/www.quilombhoje.com.br\/livraria\/index.php\/wp-json\/wp\/v2\/media?parent=844"}],"wp:term":[{"taxonomy":"product_cat","embeddable":true,"href":"https:\/\/www.quilombhoje.com.br\/livraria\/index.php\/wp-json\/wp\/v2\/product_cat?post=844"},{"taxonomy":"product_tag","embeddable":true,"href":"https:\/\/www.quilombhoje.com.br\/livraria\/index.php\/wp-json\/wp\/v2\/product_tag?post=844"}],"curies":[{"name":"wp","href":"https:\/\/api.w.org\/{rel}","templated":true}]}}