{"id":770,"date":"2021-04-07T03:14:46","date_gmt":"2021-04-07T06:14:46","guid":{"rendered":"http:\/\/www.quilombhoje.com.br\/livraria\/?post_type=product&#038;p=770"},"modified":"2024-06-17T01:49:29","modified_gmt":"2024-06-17T04:49:29","slug":"cadernos-negros-volume-43-poemas-afro-brasileiros","status":"publish","type":"product","link":"https:\/\/www.quilombhoje.com.br\/livraria\/index.php\/produto\/cadernos-negros-volume-43-poemas-afro-brasileiros\/","title":{"rendered":"Cadernos Negros Volume 43 &#8211; Poemas Afro-Brasileiros"},"content":{"rendered":"<p>Cadernos Negros Volume 43 \u00e9 um livro de poemas com 65 autorxs, um n\u00famero recorde na trajet\u00f3ria da s\u00e9rie. O livro ser\u00e1 lan\u00e7ado no s\u00e1bado dia 10 de abril, no canal do youtube do Quilombhoje:\u00a0<a href=\"https:\/\/www.youtube.com\/c\/QuilombhojeLiteratura\">https:\/\/www.youtube.com\/c\/QuilombhojeLiteratura<\/a><\/p>\n<p>Autores deste cn43 s\u00e3o:<\/p>\n<p class=\"p1\">Adriana Ortega,\u00a0Akins Kint\u00ea,\u00a0Alessandra Martins,\u00a0Alessandra Sampaio,\u00a0Alisson Tiago,\u00a0Anajara Tavares,\u00a0Augusta Santo,\u00a0Benedita Lopes,\u00a0Benicio dos Santos Santos,\u00a0Bethe Bastos,\u00a0Catita,\u00a0Cec\u00edlia Peixoto,\u00a0Cl\u00e1udia Gomes,\u00a0Claudia Walleska,\u00a0Cuti,\u00a0Dandara Suburbana,\u00a0David Alves,\u00a0Decio Vieira,\u00a0Edson Robson,\u00a0Elaine Marcelina,\u00a0Elio Ferreira,\u00a0Esmeralda Ribeiro,\u00a0F\u00e1tima Trinch\u00e3o,\u00a0Fernanda Luiza,\u00a0Fernando Gonzaga,\u00a0Heloisa de Souza,\u00a0Jairo Pinto,\u00a0Jeov\u00e2nia P.,\u00a0Joceval Nascimento Lay\u00ea,\u00a0Joice Aziza,\u00a0Jovina Souza,\u00a0Kasabuvu,\u00a0Lande Onawale,\u00a0Leandro Passos,\u00a0Let\u00edcia Junqueira,\u00a0Lidiane Ferreira,\u00a0L\u00edlian Paula Serra e Deus,\u00a0Luana Passos,\u00a0Lubi Prates,\u00a0Lu\u00eds Aseoka<span class=\"s1\">\u1ef3<\/span>nha,\u00a0Manoel Francisco Filho,\u00a0M\u00e1rcio Barbosa,\u00a0Mari Vieira,\u00a0Mayara \u00cdsis,\u00a0Monahyr Campos,\u00a0Nana Martins,\u00a0Patr\u00edcia Aniceto,\u00a0Paulo Dutra,\u00a0Pedro Paulo Machado,\u00a0Pituka Nirobe,\u00a0Pretta Val,\u00a0Raimundo N. S. Filho,\u00a0Renan Wangler,\u00a0Romildo Ibeji,\u00a0Samira Calais,\u00a0Samuel Neri,\u00a0Sandra Liss,\u00a0Sandra M. Job,\u00a0Serafina Machado,\u00a0Sheila Martins,\u00a0Simone Ricco,\u00a0Sol de Paula,\u00a0Tander,\u00a0Tha\u00edse Santana,\u00a0Uilians Souza<\/p>\n","protected":false},"excerpt":{"rendered":"<p>Cadernos Negros 43 traz 65 poetas de v\u00e1rios estados brasileiros. O livro tem 488 p\u00e1ginas, tamanho 14cm x 21cm. Na semana do lan\u00e7amento haver\u00e1 um desconto de 20% no valor do livro. Durante esta semana de lan\u00e7amento voc\u00ea poder\u00e1 adquirir com um desconto de 20%. O livro ser\u00e1 enviado ap\u00f3s a compensa\u00e7\u00e3o do pagamento.<\/p>\n<p>Organizado por M\u00e1rcio Barbosa e Esmeralda Ribeiro, este volume, como os outros da s\u00e9rie, foi feito de forma colaborativa e proporciona a oportunidade de se conhecer o que de mais atual vem sendo produzido no campo da literatura afro-brasileira.<\/p>\n","protected":false},"featured_media":780,"template":"","meta":[],"product_cat":[17],"product_tag":[20,69,70],"_links":{"self":[{"href":"https:\/\/www.quilombhoje.com.br\/livraria\/index.php\/wp-json\/wp\/v2\/product\/770"}],"collection":[{"href":"https:\/\/www.quilombhoje.com.br\/livraria\/index.php\/wp-json\/wp\/v2\/product"}],"about":[{"href":"https:\/\/www.quilombhoje.com.br\/livraria\/index.php\/wp-json\/wp\/v2\/types\/product"}],"wp:featuredmedia":[{"embeddable":true,"href":"https:\/\/www.quilombhoje.com.br\/livraria\/index.php\/wp-json\/wp\/v2\/media\/780"}],"wp:attachment":[{"href":"https:\/\/www.quilombhoje.com.br\/livraria\/index.php\/wp-json\/wp\/v2\/media?parent=770"}],"wp:term":[{"taxonomy":"product_cat","embeddable":true,"href":"https:\/\/www.quilombhoje.com.br\/livraria\/index.php\/wp-json\/wp\/v2\/product_cat?post=770"},{"taxonomy":"product_tag","embeddable":true,"href":"https:\/\/www.quilombhoje.com.br\/livraria\/index.php\/wp-json\/wp\/v2\/product_tag?post=770"}],"curies":[{"name":"wp","href":"https:\/\/api.w.org\/{rel}","templated":true}]}}