{"id":697,"date":"2020-09-03T04:40:20","date_gmt":"2020-09-03T07:40:20","guid":{"rendered":"http:\/\/www.quilombhoje.com.br\/livraria\/?post_type=product&#038;p=697"},"modified":"2024-01-15T16:08:46","modified_gmt":"2024-01-15T19:08:46","slug":"o-batismo-da-capoeirinha","status":"publish","type":"product","link":"https:\/\/www.quilombhoje.com.br\/livraria\/index.php\/produto\/o-batismo-da-capoeirinha\/","title":{"rendered":"O Batismo da Capoeirinha"},"content":{"rendered":"<p><img loading=\"lazy\" class=\"alignnone wp-image-698 size-medium\" src=\"http:\/\/www.quilombhoje.com.br\/livraria\/wp-content\/uploads\/2020\/09\/obatismodacapoeirinha-200x300.png\" alt=\"\" width=\"200\" height=\"300\" srcset=\"https:\/\/www.quilombhoje.com.br\/livraria\/wp-content\/uploads\/2020\/09\/obatismodacapoeirinha-200x300.png 200w, https:\/\/www.quilombhoje.com.br\/livraria\/wp-content\/uploads\/2020\/09\/obatismodacapoeirinha-67x100.png 67w, https:\/\/www.quilombhoje.com.br\/livraria\/wp-content\/uploads\/2020\/09\/obatismodacapoeirinha-768x1153.png 768w, https:\/\/www.quilombhoje.com.br\/livraria\/wp-content\/uploads\/2020\/09\/obatismodacapoeirinha-682x1024.png 682w, https:\/\/www.quilombhoje.com.br\/livraria\/wp-content\/uploads\/2020\/09\/obatismodacapoeirinha-500x750.png 500w, https:\/\/www.quilombhoje.com.br\/livraria\/wp-content\/uploads\/2020\/09\/obatismodacapoeirinha.png 1102w\" sizes=\"(max-width: 200px) 100vw, 200px\" \/><\/p>\n<p>Capoeirinha, assim como <a href=\"http:\/\/www.quilombhoje.com.br\/livraria\/index.php\/produto\/zumbi-o-pequeno-guerreiro\/\" target=\"_blank\" rel=\"noopener\">Zumbi: o Pequeno Guerreiro<\/a>, tem encantado as crian\u00e7as.<\/p>\n","protected":false},"excerpt":{"rendered":"<p>A menina Capoeirinha consegue falar com os p\u00e1ssaros em seu quintal. Um dia Capoeirinha se v\u00ea em meio a uma discuss\u00e3o com seus amigos alados por causa de uma camiseta que algu\u00e9m sujou. Justamente a camiseta que Capoeirinha iria usar em seu treino; afinal, ela est\u00e1 aprendendo a arte\/jogo\/dan\u00e7a da capoeira. A confus\u00e3o est\u00e1 armada. Mas \u00e9 evocando elementos da arte da capoeira que o autor S\u00e9rgio Ballouk vai mostrando como a menina pode se relacionar com o mundo a sua volta em busca de harmonia.<\/p>\n<p>Este livro n\u00e3o \u00e9 vendido, mas segue como brinde para quem adquirir <a href=\"https:\/\/www.quilombhoje.com.br\/livraria\/index.php\/produto\/frente-negra-brasileira-depoimentos\/\">Frente Negra<\/a><\/p>\n","protected":false},"featured_media":698,"template":"","meta":[],"product_cat":[18,19],"product_tag":[35,22,65],"_links":{"self":[{"href":"https:\/\/www.quilombhoje.com.br\/livraria\/index.php\/wp-json\/wp\/v2\/product\/697"}],"collection":[{"href":"https:\/\/www.quilombhoje.com.br\/livraria\/index.php\/wp-json\/wp\/v2\/product"}],"about":[{"href":"https:\/\/www.quilombhoje.com.br\/livraria\/index.php\/wp-json\/wp\/v2\/types\/product"}],"wp:featuredmedia":[{"embeddable":true,"href":"https:\/\/www.quilombhoje.com.br\/livraria\/index.php\/wp-json\/wp\/v2\/media\/698"}],"wp:attachment":[{"href":"https:\/\/www.quilombhoje.com.br\/livraria\/index.php\/wp-json\/wp\/v2\/media?parent=697"}],"wp:term":[{"taxonomy":"product_cat","embeddable":true,"href":"https:\/\/www.quilombhoje.com.br\/livraria\/index.php\/wp-json\/wp\/v2\/product_cat?post=697"},{"taxonomy":"product_tag","embeddable":true,"href":"https:\/\/www.quilombhoje.com.br\/livraria\/index.php\/wp-json\/wp\/v2\/product_tag?post=697"}],"curies":[{"name":"wp","href":"https:\/\/api.w.org\/{rel}","templated":true}]}}