{"id":60298,"date":"2024-06-17T00:57:32","date_gmt":"2024-06-17T03:57:32","guid":{"rendered":"https:\/\/www.quilombhoje.com.br\/livraria\/?post_type=product&#038;p=60298"},"modified":"2025-10-21T04:50:10","modified_gmt":"2025-10-21T07:50:10","slug":"cadernos-negros-volume-45-poemas-afro-brasileiros","status":"publish","type":"product","link":"https:\/\/www.quilombhoje.com.br\/livraria\/index.php\/produto\/cadernos-negros-volume-45-poemas-afro-brasileiros\/","title":{"rendered":"Cadernos Negros Volume 45 &#8211; Poemas Afro-Brasileiros"},"content":{"rendered":"<p><strong>Lan\u00e7amento<\/strong><\/p>\n<p>Cadernos Negros 44 foi lan\u00e7ado em abril de 2024.<\/p>\n<p>Autorxs do livro s\u00e3o:<\/p>\n<p>Akins Kint\u00ea<br \/>\nAlcid\u00e9a Miguel<br \/>\nAlessandra Martins<br \/>\nAnajara Tavares<br \/>\nBenedita Lopes<br \/>\nBenicio dos Santos Santos<br \/>\nBethe Bastos<br \/>\nCatita<br \/>\nCec\u00edlia Peixoto<br \/>\nCelinha Reis<br \/>\nClaudia Walleska<br \/>\nCuti<br \/>\nDaniel Ramos<br \/>\nDavid Alves<br \/>\nEdson Robson<br \/>\nElisa Mattos<br \/>\nEsmeralda Ribeiro<br \/>\nFausto Ant\u00f4nio<br \/>\nFernanda L. de Souza Farias<br \/>\nGabriela Ashanti<br \/>\nGi Matos<br \/>\nGrazie Queiroz<br \/>\nHugo Paz<br \/>\nJaciane Santana<br \/>\nJairo Pinto<br \/>\nJana\u00edna Ferreira<br \/>\nJana\u00edna Nascimento<br \/>\nJeov\u00e2nia P.<br \/>\nJulice Vieira de Jesus<br \/>\nJuvenal C. Filho<br \/>\nKasabuvu<br \/>\nLeandro Passos<br \/>\nLena Santos<br \/>\nLep\u00ea Correia<br \/>\nLuana Passos<br \/>\nLuciana Bento<br \/>\nLu\u00eds \u2018Aseoka\u1ef3nha\u2019<br \/>\nManoel Francisco Filho<br \/>\nM\u00e1rcio Barbosa<br \/>\nMargareth dos Anjos<br \/>\nMari dos Santos<br \/>\nMilton Sankofa<br \/>\nNanah Martins<br \/>\nNego Preto Natalino Oliveira<br \/>\nOluwa Seyi<br \/>\nPedro Machado<br \/>\nRaimundo Nonato da S. Filho<br \/>\nRenan Wangler<br \/>\nRog\u00e9rio D. Micheletti<br \/>\nSelminha Ray<br \/>\nSheila Martins dos Santos<br \/>\nSol de Paula<br \/>\nT\u00e2nia Cerqueira<br \/>\nTerezinha Morais<br \/>\nTha\u00edse Santana<br \/>\nThalles<\/p>\n","protected":false},"excerpt":{"rendered":"<p>Durante toda a hist\u00f3ria do Brasil, mas especialmente no per\u00edodo p\u00f3s-aboli\u00e7\u00e3o, tivemos afrodescendentes que ousaram adentrar o campo da cria\u00e7\u00e3o liter\u00e1ria e construir obras que se mostraram duradouras. Podemos citar Cruz e Souza, Lima Barreto, Lu\u00eds Gama, Auta de Souza e, mais recentemente, Solano Trindade e Carolina Maria de Jesus, dentre outros.<br \/>\nA partir de 1978 a produ\u00e7\u00e3o liter\u00e1ria afro-brasileira dinamizou-se bastante por conta da cria\u00e7\u00e3o da s\u00e9rie Cadernos Negros, que, publicando contos e poemas, tem se tornado o principal ve\u00edculo de divulga\u00e7\u00e3o da escrita daqueles que resolvem colocar no papel suas experi\u00eancias e vis\u00e3o de mundo.<br \/>\nCadernos Negros 45 tem 56 autores e autoras, muitos deles jovens que, ao lado dos que t\u00eam mais tempo de estrada, injetam novidade e muita criatividade na literatura brasileira ao trabalhar com a palavra sob o prisma da afro-brasilidade.<\/p>\n","protected":false},"featured_media":60360,"template":"","meta":[],"product_cat":[17],"product_tag":[87,20,90],"_links":{"self":[{"href":"https:\/\/www.quilombhoje.com.br\/livraria\/index.php\/wp-json\/wp\/v2\/product\/60298"}],"collection":[{"href":"https:\/\/www.quilombhoje.com.br\/livraria\/index.php\/wp-json\/wp\/v2\/product"}],"about":[{"href":"https:\/\/www.quilombhoje.com.br\/livraria\/index.php\/wp-json\/wp\/v2\/types\/product"}],"wp:featuredmedia":[{"embeddable":true,"href":"https:\/\/www.quilombhoje.com.br\/livraria\/index.php\/wp-json\/wp\/v2\/media\/60360"}],"wp:attachment":[{"href":"https:\/\/www.quilombhoje.com.br\/livraria\/index.php\/wp-json\/wp\/v2\/media?parent=60298"}],"wp:term":[{"taxonomy":"product_cat","embeddable":true,"href":"https:\/\/www.quilombhoje.com.br\/livraria\/index.php\/wp-json\/wp\/v2\/product_cat?post=60298"},{"taxonomy":"product_tag","embeddable":true,"href":"https:\/\/www.quilombhoje.com.br\/livraria\/index.php\/wp-json\/wp\/v2\/product_tag?post=60298"}],"curies":[{"name":"wp","href":"https:\/\/api.w.org\/{rel}","templated":true}]}}