{"id":596,"date":"2019-12-19T23:49:42","date_gmt":"2019-12-20T01:49:42","guid":{"rendered":"http:\/\/www.quilombhoje.com.br\/livraria\/?post_type=product&#038;p=596"},"modified":"2025-04-07T16:59:52","modified_gmt":"2025-04-07T19:59:52","slug":"cadernos-negros-volume-42-poemas-afro-brasileiros","status":"publish","type":"product","link":"https:\/\/www.quilombhoje.com.br\/livraria\/index.php\/produto\/cadernos-negros-volume-42-poemas-afro-brasileiros\/","title":{"rendered":"Cadernos Negros Volume 42 &#8211; Contos Afro-Brasileiros"},"content":{"rendered":"<ol>\n<li><img loading=\"lazy\" class=\"alignnone wp-image-597 size-medium\" src=\"http:\/\/www.quilombhoje.com.br\/livraria\/wp-content\/uploads\/2019\/12\/CN42-capa-200x300.png\" alt=\"\" width=\"200\" height=\"300\" srcset=\"https:\/\/www.quilombhoje.com.br\/livraria\/wp-content\/uploads\/2019\/12\/CN42-capa-200x300.png 200w, https:\/\/www.quilombhoje.com.br\/livraria\/wp-content\/uploads\/2019\/12\/CN42-capa-67x100.png 67w, https:\/\/www.quilombhoje.com.br\/livraria\/wp-content\/uploads\/2019\/12\/CN42-capa-768x1153.png 768w, https:\/\/www.quilombhoje.com.br\/livraria\/wp-content\/uploads\/2019\/12\/CN42-capa-682x1024.png 682w, https:\/\/www.quilombhoje.com.br\/livraria\/wp-content\/uploads\/2019\/12\/CN42-capa-500x750.png 500w, https:\/\/www.quilombhoje.com.br\/livraria\/wp-content\/uploads\/2019\/12\/CN42-capa.png 1102w\" sizes=\"(max-width: 200px) 100vw, 200px\" \/><\/li>\n<\/ol>\n<p>Lan\u00e7ado em dezembro de 2019, este livro de contos com quarenta e um autorxs d\u00e1 continuidade \u00e0 s\u00e9rie e \u00e9 o mais recente volume.<\/p>\n<p><strong>Foi um dos finalistas do pr\u00eamio Jabuti de 2020.<\/strong><\/p>\n<p>O pagamento pode ser feito por boleto. O livro ser\u00e1 enviado ap\u00f3s a compensa\u00e7\u00e3o do boleto.<\/p>\n<p>Autorxs deste 42 s\u00e3o:<\/p>\n<p>Akins Kint\u00ea, Alcid\u00e9a Miguel, Alessandra Sampaio, Ana F\u00e1tima, Anamaria Alves, Augusta Nunes dos Santos, Carlos Cardoso dos Santos, Benicio dos Santos Sa Catita, Claudia Walleska, Cuti, Decio de Oliveira Vieira, Edson Robson, Elaine Marcelina, Esmeralda Ribeiro, Fernando Gonzaga, Gui Denker, Jairo Pinto, J\u00e9ssica Nascimento, Joceval Nascimento (Lay\u00ea), Kasabuvu, Leandro Passos, Lia Vieira, Lidiane Ferreira, L\u00edgia Santos Costa, L\u00edlian Paula Serra e Deus, Lindevania Martins, Lorena Barbosa, Luana Passos, Luciana Leit\u00e3o, Manoel Francisco Filho, Manuella Santos, Mari Vieira, Marli de F\u00e1tima Aguiar, M\u00edghian Danae, Nana Martins, Samira Calais, Silvia Barros, Uilians Uilson Santos, Val Louren\u00e7o, Zainne Lima da Silva.<\/p>\n<p>Aqui voc\u00ea pode saber um pouco mais sobre xs autorxs:\u00a0<a href=\"https:\/\/issuu.com\/mbantu\/docs\/autoreseautorasdocn42-isuu\">https:\/\/issuu.com\/mbantu\/docs\/autoreseautorasdocn42-isuu\u00a0\u00a0<\/a>ou neste outro link:\u00a0<a href=\"https:\/\/www.yumpu.com\/s\/thr5WjKbMkaN2mgv\">https:\/\/www.yumpu.com\/s\/thr5WjKbMkaN2mgv<\/a><\/p>\n","protected":false},"excerpt":{"rendered":"<p>Um dos finalistas do pr\u00eamio Jabuti de 2020, este volume 42 traz contos de escritorxs de S\u00e3o Paulo, Rio de Janeiro, Bahia, Minas Gerais, Santa Catarina, Maranh\u00e3o e Cear\u00e1. S\u00e3o hist\u00f3rias que permitem olhares diversos sobre assuntos como rela\u00e7\u00f5es afetivas, mem\u00f3rias familiares (h\u00e1 textos interessantes que resgatam a imagem de m\u00e3es e av\u00f3s), viol\u00eancia policial, o dia a dia nos quilombos, e muitos outros.<\/p>\n<p>Organizado por M\u00e1rcio Barbosa e Esmeralda Ribeiro, este volume, como os outros da s\u00e9rie, foi feito de forma colaborativa e proporciona a oportunidade de se conhecer o que de mais atual vem sendo produzido no campo da literatura afro-brasileira.<\/p>\n<p>O livro tem 344 p\u00e1ginas e 41 autorxs.<\/p>\n<p>&nbsp;<\/p>\n<p>&nbsp;<\/p>\n","protected":false},"featured_media":597,"template":"","meta":[],"product_cat":[18],"product_tag":[35,20,22,63],"_links":{"self":[{"href":"https:\/\/www.quilombhoje.com.br\/livraria\/index.php\/wp-json\/wp\/v2\/product\/596"}],"collection":[{"href":"https:\/\/www.quilombhoje.com.br\/livraria\/index.php\/wp-json\/wp\/v2\/product"}],"about":[{"href":"https:\/\/www.quilombhoje.com.br\/livraria\/index.php\/wp-json\/wp\/v2\/types\/product"}],"wp:featuredmedia":[{"embeddable":true,"href":"https:\/\/www.quilombhoje.com.br\/livraria\/index.php\/wp-json\/wp\/v2\/media\/597"}],"wp:attachment":[{"href":"https:\/\/www.quilombhoje.com.br\/livraria\/index.php\/wp-json\/wp\/v2\/media?parent=596"}],"wp:term":[{"taxonomy":"product_cat","embeddable":true,"href":"https:\/\/www.quilombhoje.com.br\/livraria\/index.php\/wp-json\/wp\/v2\/product_cat?post=596"},{"taxonomy":"product_tag","embeddable":true,"href":"https:\/\/www.quilombhoje.com.br\/livraria\/index.php\/wp-json\/wp\/v2\/product_tag?post=596"}],"curies":[{"name":"wp","href":"https:\/\/api.w.org\/{rel}","templated":true}]}}