{"id":471,"date":"2018-12-17T13:47:21","date_gmt":"2018-12-17T15:47:21","guid":{"rendered":"http:\/\/www.quilombhoje.com.br\/livraria\/?post_type=product&#038;p=471"},"modified":"2023-09-19T12:53:23","modified_gmt":"2023-09-19T15:53:23","slug":"cadernos-negros-volume-41-poemas-afro-brasileiros","status":"publish","type":"product","link":"https:\/\/www.quilombhoje.com.br\/livraria\/index.php\/produto\/cadernos-negros-volume-41-poemas-afro-brasileiros\/","title":{"rendered":"Cadernos Negros Volume 41 &#8211; Poemas Afro-Brasileiros"},"content":{"rendered":"<p><img loading=\"lazy\" class=\"alignnone size-medium wp-image-472\" src=\"http:\/\/www.quilombhoje.com.br\/livraria\/wp-content\/uploads\/2018\/12\/CN41-capa-200x300.png\" alt=\"\" width=\"200\" height=\"300\" srcset=\"https:\/\/www.quilombhoje.com.br\/livraria\/wp-content\/uploads\/2018\/12\/CN41-capa-200x300.png 200w, https:\/\/www.quilombhoje.com.br\/livraria\/wp-content\/uploads\/2018\/12\/CN41-capa-67x100.png 67w, https:\/\/www.quilombhoje.com.br\/livraria\/wp-content\/uploads\/2018\/12\/CN41-capa-768x1153.png 768w, https:\/\/www.quilombhoje.com.br\/livraria\/wp-content\/uploads\/2018\/12\/CN41-capa-682x1024.png 682w, https:\/\/www.quilombhoje.com.br\/livraria\/wp-content\/uploads\/2018\/12\/CN41-capa-500x750.png 500w, https:\/\/www.quilombhoje.com.br\/livraria\/wp-content\/uploads\/2018\/12\/CN41-capa.png 1102w\" sizes=\"(max-width: 200px) 100vw, 200px\" \/><\/p>\n<p>Lan\u00e7ado em dezembro de 2018, este livro de poemas \u00e9 o mais recente volume da s\u00e9rie Cadernos Negros.<\/p>\n<p>O pagamento pode ser feito por boleto. O livro ser\u00e1 enviado ap\u00f3s a compensa\u00e7\u00e3o do boleto.<\/p>\n<p>Os(as) autores(as) deste livro s\u00e3o Adegmar Candiero,\u00a0Akins Kint\u00ea,\u00a0Alessandra Sampaio, Beatriz Lima,\u00a0Benedita Lopes,\u00a0Ben\u00edcio Dos Santos Santos,\u00a0Bruno Gabiru,\u00a0Catita,\u00a0Claudia Walleska,\u00a0Cristiane Mare,\u00a0Cuti,\u00a0David Alves,\u00a0D\u00e9bora Garcia,\u00a0Duan Kissonde,\u00a0Esmeralda Ribeiro,\u00a0F\u00e1tima Trinch\u00e3o,\u00a0Fausto Ant\u00f4nio,\u00a0Jairo Pinto,\u00a0Joana D\u2019arc,\u00a0Joceval Nascimento (Lay\u00ea),\u00a0Jos\u00e9 Jorge Siqueira,\u00a0Jovina Souza,\u00a0Jovina Teodoro,\u00a0Kasabuvu,\u00a0Leandro Passos,\u00a0Lep\u00ea Correia,\u00a0Lidiane Ferreira,\u00a0Luana Passos,\u00a0Lu\u00eds \u2018Aseoka\u00fdnha\u2019,\u00a0Manoel Francisco Filho,\u00a0Marli De F\u00e1tima Aguiar,\u00a0Patricia Aniceto,\u00a0Paulo Dutra,Raquel Almeida,\u00a0Romildo Ibeji,\u00a0Samira Calais,\u00a0Serafina Machado,\u00a0Sergio Ballouk,\u00a0Silvia Barros,\u00a0Thiago Amepreta,\u00a0Tuanny Medeiros,\u00a0Ur\u00e2nia Munzanzu,\u00a0Zainne Lima Da Silva.<\/p>\n","protected":false},"excerpt":{"rendered":"<p>Com uma poesia elaborada e madura, o livro re\u00fane autores que est\u00e3o h\u00e1 mais tempo na estrada, como Cuti, Akins Kint\u00ea, D\u00e9bora Garcia e Jairo Pinto, com outros mais jovens, como Duan Kissonde e Samira Calais, entre outrxs, proporcionando um encontro de gera\u00e7\u00f5es.<\/p>\n<p>Organizado por M\u00e1rcio Barbosa e Esmeralda Ribeiro, este volume, como os outros da s\u00e9rie, foi feito de forma colaborativa e proporciona a oportunidade de se conhecer o que de mais atual vem sendo produzido no campo da literatura afro-brasileira.<\/p>\n<p>O livro tem 312 p\u00e1ginas e 43 autorxs de v\u00e1rios Estados brasileiros.<\/p>\n<p>&nbsp;<\/p>\n","protected":false},"featured_media":472,"template":"","meta":[],"product_cat":[17],"product_tag":[35,20,22,63],"_links":{"self":[{"href":"https:\/\/www.quilombhoje.com.br\/livraria\/index.php\/wp-json\/wp\/v2\/product\/471"}],"collection":[{"href":"https:\/\/www.quilombhoje.com.br\/livraria\/index.php\/wp-json\/wp\/v2\/product"}],"about":[{"href":"https:\/\/www.quilombhoje.com.br\/livraria\/index.php\/wp-json\/wp\/v2\/types\/product"}],"wp:featuredmedia":[{"embeddable":true,"href":"https:\/\/www.quilombhoje.com.br\/livraria\/index.php\/wp-json\/wp\/v2\/media\/472"}],"wp:attachment":[{"href":"https:\/\/www.quilombhoje.com.br\/livraria\/index.php\/wp-json\/wp\/v2\/media?parent=471"}],"wp:term":[{"taxonomy":"product_cat","embeddable":true,"href":"https:\/\/www.quilombhoje.com.br\/livraria\/index.php\/wp-json\/wp\/v2\/product_cat?post=471"},{"taxonomy":"product_tag","embeddable":true,"href":"https:\/\/www.quilombhoje.com.br\/livraria\/index.php\/wp-json\/wp\/v2\/product_tag?post=471"}],"curies":[{"name":"wp","href":"https:\/\/api.w.org\/{rel}","templated":true}]}}