{"id":43614,"date":"2024-01-15T03:45:53","date_gmt":"2024-01-15T06:45:53","guid":{"rendered":"https:\/\/www.quilombhoje.com.br\/livraria\/?post_type=product&#038;p=43614"},"modified":"2025-02-06T16:31:57","modified_gmt":"2025-02-06T19:31:57","slug":"cadernos-negros-volume-32-contos-afro-brasileiros","status":"publish","type":"product","link":"https:\/\/www.quilombhoje.com.br\/livraria\/index.php\/produto\/cadernos-negros-volume-32-contos-afro-brasileiros\/","title":{"rendered":"Cadernos Negros Volume 32 &#8211; Contos Afro-Brasileiros"},"content":{"rendered":"<p><strong>Lan\u00e7amento<\/strong><\/p>\n<p>Cadernos Negros 32 \u00e9 um livro que faz parte da lista de leitura do vestibular de 2025 da Uneb &#8211; Universidade do Estado da Bahia.<br \/>\nVoc\u00ea pode fazer a encomenda e o livro ser\u00e1 enviado pelo correio. O prazo de entrega \u00e9 um pouco maior.<\/p>\n<p>Voc\u00ea tamb\u00e9m pode adquirir o e-book na loja da Google Play Books: <a href=\"https:\/\/play.google.com\/store\/books\/details?id=rFdCEQAAQBAJ&amp;rdid=book-rFdCEQAAQBAJ&amp;rdot=1&amp;source=gbs_vpt_read&amp;pcampaignid=books_booksearch_viewport\" target=\"_blank\" rel=\"noopener\">https:\/\/play.google.com\/store\/books\/details?id=rFdCEQAAQBAJ&amp;rdid=book-rFdCEQAAQBAJ&amp;rdot=1&amp;source=gbs_vpt_read&amp;pcampaignid=books_booksearch_viewport<\/a><\/p>\n<p>E tamb\u00e9m na Amazon: <a href=\"https:\/\/www.amazon.com.br\/dp\/B0DF63MGGP\" target=\"_blank\" rel=\"noopener\">https:\/\/www.amazon.com.br\/dp\/B0DF63MGGP.<\/a><\/p>\n<p>A entrega do e-book \u00e9 imediata.<\/p>\n","protected":false},"excerpt":{"rendered":"<p>Cadernos Negros 32 \u00e9 um livro de contos e faz parte da s\u00e9rie criada em 1978. Indicado ao vestibular da Uneb de 2025, o livro tem 18 autorxs de v\u00e1rios estados. Os temas abordados s\u00e3o diversos, mas o olhar parte da viv\u00eancia de cada autor e autora numa sociedade multirracial. O m\u00e9rito dos textos \u00e9 n\u00e3o submergir no sil\u00eancio, mas desvelar reflex\u00e3o, e trazer a do\u00e7ura e alegria da experi\u00eancia de cada personagem. \u00c0s vezes \u00e9 necess\u00e1rio tamb\u00e9m atravessar dor e raiva para enxergar a luz ou conquistar o aconchego do escuro, mas \u00e9 assim tamb\u00e9m na vida.<\/p>\n<p>O livro impresso est\u00e1 dispon\u00edvel sob encomenda.<\/p>\n<p>Mas voc\u00ea tamb\u00e9m pode adquirir o e-book na loja da Google Play Books: <a href=\"https:\/\/play.google.com\/store\/books\/details?id=rFdCEQAAQBAJ&amp;rdid=book-rFdCEQAAQBAJ&amp;rdot=1&amp;source=gbs_vpt_read&amp;pcampaignid=books_booksearch_viewport\" target=\"_blank\" rel=\"noopener\">https:\/\/play.google.com\/store\/books\/details?id=rFdCEQAAQBAJ&amp;rdid=book-rFdCEQAAQBAJ&amp;rdot=1&amp;source=gbs_vpt_read&amp;pcampaignid=books_booksearch_viewport<\/a><\/p>\n<p>E tamb\u00e9m na Amazon: <a href=\"https:\/\/www.amazon.com.br\/dp\/B0DF63MGGP\" target=\"_blank\" rel=\"noopener\">https:\/\/www.amazon.com.br\/dp\/B0DF63MGGP.<\/a><\/p>\n<p>A entrega do e-book \u00e9 imediata.<\/p>\n","protected":false},"featured_media":43616,"template":"","meta":[],"product_cat":[16,18],"product_tag":[87,35,74,20,67,88,89],"_links":{"self":[{"href":"https:\/\/www.quilombhoje.com.br\/livraria\/index.php\/wp-json\/wp\/v2\/product\/43614"}],"collection":[{"href":"https:\/\/www.quilombhoje.com.br\/livraria\/index.php\/wp-json\/wp\/v2\/product"}],"about":[{"href":"https:\/\/www.quilombhoje.com.br\/livraria\/index.php\/wp-json\/wp\/v2\/types\/product"}],"wp:featuredmedia":[{"embeddable":true,"href":"https:\/\/www.quilombhoje.com.br\/livraria\/index.php\/wp-json\/wp\/v2\/media\/43616"}],"wp:attachment":[{"href":"https:\/\/www.quilombhoje.com.br\/livraria\/index.php\/wp-json\/wp\/v2\/media?parent=43614"}],"wp:term":[{"taxonomy":"product_cat","embeddable":true,"href":"https:\/\/www.quilombhoje.com.br\/livraria\/index.php\/wp-json\/wp\/v2\/product_cat?post=43614"},{"taxonomy":"product_tag","embeddable":true,"href":"https:\/\/www.quilombhoje.com.br\/livraria\/index.php\/wp-json\/wp\/v2\/product_tag?post=43614"}],"curies":[{"name":"wp","href":"https:\/\/api.w.org\/{rel}","templated":true}]}}