{"id":4237,"date":"2022-09-26T01:43:20","date_gmt":"2022-09-26T04:43:20","guid":{"rendered":"https:\/\/www.quilombhoje.com.br\/livraria\/?post_type=product&#038;p=4237"},"modified":"2024-06-17T01:47:34","modified_gmt":"2024-06-17T04:47:34","slug":"cadernos-negros-volume-44-contos-afro-brasileiros","status":"publish","type":"product","link":"https:\/\/www.quilombhoje.com.br\/livraria\/index.php\/produto\/cadernos-negros-volume-44-contos-afro-brasileiros\/","title":{"rendered":"Cadernos Negros Volume 44 &#8211; Contos Afro-Brasileiros"},"content":{"rendered":"<p><strong>Lan\u00e7amento<\/strong><\/p>\n<p>Cadernos Negros 44 foi lan\u00e7ado em setembro de 2022.<\/p>\n<p>Autorxs do livro s\u00e3o:<\/p>\n<p>Alcid\u00e9a Miguel<\/p>\n<p>Ana Maria Martins<\/p>\n<p>Antonio Neto<\/p>\n<p>Augusta Santo<\/p>\n<p>Benedita Lopes<\/p>\n<p>Catita<\/p>\n<p>Cuti<\/p>\n<p>Decio de Oliveira<\/p>\n<p>Edson Robson<\/p>\n<p>Elisabete Nascimento<\/p>\n<p>Esmeralda Ribeiro<br \/>\nGuiniver<\/p>\n<p>Leandro Passos<\/p>\n<p>Lu\u00eds Aseokaynha<\/p>\n<p>M\u00e1rcio Barbosa<\/p>\n<p>Oluwa Seyi<\/p>\n<p>Raimundo Nonato<\/p>\n<p>Renan Wangler<\/p>\n<p>Sergio Ballouk<\/p>\n<p>Sol de Paula<\/p>\n<p>Terezinha Morais<\/p>\n<p>Tha\u00edse Santana<\/p>\n","protected":false},"excerpt":{"rendered":"<p>Cadernos Negros 44 d\u00e1 continuidade \u00e0 s\u00e9rie criada em 1978. O livro tem 44 autorxs de v\u00e1rios estados. Os contos s\u00e3o diversos, como diversas s\u00e3o nossas vidas. Embora a viv\u00eancia racial esteja no centro dos textos, as hist\u00f3rias abordam v\u00e1rios temas, que v\u00e3o desde a conversa entre um pai e um filho que revela um segredo, o flerte de um casal por meio de um aparelho celular, a cumplicidade de um seguran\u00e7a de uma loja com uma cliente v\u00edtima de discrimina\u00e7\u00e3o, at\u00e9 hist\u00f3rias de viol\u00eancia policial que atravessam o cotidiano das pessoas, especialmente a viol\u00eancia policial. Mas os textos evocam tamb\u00e9m a necessidade de superarmos as situa\u00e7\u00f5es adversas e construirmos caminhos de autoestima e afirma\u00e7\u00e3o.<\/p>\n","protected":false},"featured_media":4241,"template":"","meta":[],"product_cat":[16,18],"product_tag":[87,20,67],"_links":{"self":[{"href":"https:\/\/www.quilombhoje.com.br\/livraria\/index.php\/wp-json\/wp\/v2\/product\/4237"}],"collection":[{"href":"https:\/\/www.quilombhoje.com.br\/livraria\/index.php\/wp-json\/wp\/v2\/product"}],"about":[{"href":"https:\/\/www.quilombhoje.com.br\/livraria\/index.php\/wp-json\/wp\/v2\/types\/product"}],"wp:featuredmedia":[{"embeddable":true,"href":"https:\/\/www.quilombhoje.com.br\/livraria\/index.php\/wp-json\/wp\/v2\/media\/4241"}],"wp:attachment":[{"href":"https:\/\/www.quilombhoje.com.br\/livraria\/index.php\/wp-json\/wp\/v2\/media?parent=4237"}],"wp:term":[{"taxonomy":"product_cat","embeddable":true,"href":"https:\/\/www.quilombhoje.com.br\/livraria\/index.php\/wp-json\/wp\/v2\/product_cat?post=4237"},{"taxonomy":"product_tag","embeddable":true,"href":"https:\/\/www.quilombhoje.com.br\/livraria\/index.php\/wp-json\/wp\/v2\/product_tag?post=4237"}],"curies":[{"name":"wp","href":"https:\/\/api.w.org\/{rel}","templated":true}]}}