{"id":407,"date":"2018-03-30T00:25:53","date_gmt":"2018-03-30T03:25:53","guid":{"rendered":"http:\/\/www.quilombhoje.com.br\/livraria\/?post_type=product&#038;p=407"},"modified":"2026-01-05T15:33:54","modified_gmt":"2026-01-05T18:33:54","slug":"eres-e-herancas","status":"publish","type":"product","link":"https:\/\/www.quilombhoje.com.br\/livraria\/index.php\/produto\/eres-e-herancas\/","title":{"rendered":"Er\u00eas e Heran\u00e7as"},"content":{"rendered":"<p><img loading=\"lazy\" class=\"alignnone wp-image-710 size-medium\" src=\"http:\/\/www.quilombhoje.com.br\/livraria\/wp-content\/uploads\/2018\/03\/ereseherancas-200x300.png\" alt=\"\" width=\"200\" height=\"300\" srcset=\"https:\/\/www.quilombhoje.com.br\/livraria\/wp-content\/uploads\/2018\/03\/ereseherancas-200x300.png 200w, https:\/\/www.quilombhoje.com.br\/livraria\/wp-content\/uploads\/2018\/03\/ereseherancas-67x100.png 67w, https:\/\/www.quilombhoje.com.br\/livraria\/wp-content\/uploads\/2018\/03\/ereseherancas-768x1153.png 768w, https:\/\/www.quilombhoje.com.br\/livraria\/wp-content\/uploads\/2018\/03\/ereseherancas-682x1024.png 682w, https:\/\/www.quilombhoje.com.br\/livraria\/wp-content\/uploads\/2018\/03\/ereseherancas-500x750.png 500w, https:\/\/www.quilombhoje.com.br\/livraria\/wp-content\/uploads\/2018\/03\/ereseherancas.png 1102w\" sizes=\"(max-width: 200px) 100vw, 200px\" \/><\/p>\n<p>O livro ser\u00e1 enviado ap\u00f3s a compensa\u00e7\u00e3o do boleto ou do pagamento com cart\u00e3o.<\/p>\n","protected":false},"excerpt":{"rendered":"<p class=\"p1\">Publicados na s\u00e9rie <i>Cadernos Negros<\/i>, os contos deste livro t\u00eam em comum o fato de os personagens principais serem crian\u00e7as ou jovens em situa\u00e7\u00f5es diversas.<\/p>\n<p class=\"p1\">Aqui est\u00e1 em jogo a <i>heran\u00e7a<\/i> que cada er\u00ea traz e que ajuda na hora de enfrentar as dificuldades naturais (ou nem tanto) da vida.<\/p>\n<p class=\"p1\">Essa heran\u00e7a que vem da \u00c1frica e que est\u00e1 espalhada em toda a cultura brasileira.<\/p>\n<p>Este livro traz contos de D\u00e9bora Garcia, Dirce Prado, F\u00e1tima Trinch\u00e3o, Jos\u00e9 Luanga, M\u00e1rcio Barbos e M\u00edghian Danae.<\/p>\n<p class=\"p1\">Podemos aprender e nos divertir com esses personagens, podemos viajar com eles. Os contos v\u00e3o estimular a reflex\u00e3o e ajudar a compreender melhor a realidade que nos cerca.<\/p>\n<p class=\"p1\">Ler \u00e9 uma atividade que pode ser muito prazerosa para quem se dedica a ela e este livro vai proporcionar bons momentos para os seus leitores e leitoras.<\/p>\n","protected":false},"featured_media":710,"template":"","meta":[],"product_cat":[18,19],"product_tag":[67,68,22,65],"_links":{"self":[{"href":"https:\/\/www.quilombhoje.com.br\/livraria\/index.php\/wp-json\/wp\/v2\/product\/407"}],"collection":[{"href":"https:\/\/www.quilombhoje.com.br\/livraria\/index.php\/wp-json\/wp\/v2\/product"}],"about":[{"href":"https:\/\/www.quilombhoje.com.br\/livraria\/index.php\/wp-json\/wp\/v2\/types\/product"}],"wp:featuredmedia":[{"embeddable":true,"href":"https:\/\/www.quilombhoje.com.br\/livraria\/index.php\/wp-json\/wp\/v2\/media\/710"}],"wp:attachment":[{"href":"https:\/\/www.quilombhoje.com.br\/livraria\/index.php\/wp-json\/wp\/v2\/media?parent=407"}],"wp:term":[{"taxonomy":"product_cat","embeddable":true,"href":"https:\/\/www.quilombhoje.com.br\/livraria\/index.php\/wp-json\/wp\/v2\/product_cat?post=407"},{"taxonomy":"product_tag","embeddable":true,"href":"https:\/\/www.quilombhoje.com.br\/livraria\/index.php\/wp-json\/wp\/v2\/product_tag?post=407"}],"curies":[{"name":"wp","href":"https:\/\/api.w.org\/{rel}","templated":true}]}}