{"id":405,"date":"2018-03-30T00:04:27","date_gmt":"2018-03-30T03:04:27","guid":{"rendered":"http:\/\/www.quilombhoje.com.br\/livraria\/?post_type=product&#038;p=405"},"modified":"2021-04-08T02:29:10","modified_gmt":"2021-04-08T05:29:10","slug":"o-poder-negro","status":"publish","type":"product","link":"https:\/\/www.quilombhoje.com.br\/livraria\/index.php\/produto\/o-poder-negro\/","title":{"rendered":"O Poder Negro"},"content":{"rendered":"<p><img loading=\"lazy\" class=\"alignnone size-medium wp-image-406\" src=\"http:\/\/www.quilombhoje.com.br\/livraria\/wp-content\/uploads\/2018\/03\/podernegro-capa-200x300.png\" alt=\"\" width=\"200\" height=\"300\" srcset=\"https:\/\/www.quilombhoje.com.br\/livraria\/wp-content\/uploads\/2018\/03\/podernegro-capa-200x300.png 200w, https:\/\/www.quilombhoje.com.br\/livraria\/wp-content\/uploads\/2018\/03\/podernegro-capa-67x100.png 67w, https:\/\/www.quilombhoje.com.br\/livraria\/wp-content\/uploads\/2018\/03\/podernegro-capa-768x1153.png 768w, https:\/\/www.quilombhoje.com.br\/livraria\/wp-content\/uploads\/2018\/03\/podernegro-capa-682x1024.png 682w, https:\/\/www.quilombhoje.com.br\/livraria\/wp-content\/uploads\/2018\/03\/podernegro-capa-500x750.png 500w, https:\/\/www.quilombhoje.com.br\/livraria\/wp-content\/uploads\/2018\/03\/podernegro-capa.png 1102w\" sizes=\"(max-width: 200px) 100vw, 200px\" \/><\/p>\n<p>Este \u00e9 um livro da editora Nandyala e o envio \u00e9 feito separadamente.<\/p>\n","protected":false},"excerpt":{"rendered":"<p>Organizado por Dawn Duke, este livro tem como autoras. A coordena\u00e7\u00e3o da publica\u00e7\u00e3o \u00e9 de\u00a0Amauri Mendes Pereira (UFRRJ). Ao clicar no bot\u00e3o abaixo voc\u00ea ser\u00e1 direcionado(a) para uma p\u00e1gina externa.<\/p>\n","protected":false},"featured_media":406,"template":"","meta":[],"product_cat":[36],"product_tag":[37,60,61],"_links":{"self":[{"href":"https:\/\/www.quilombhoje.com.br\/livraria\/index.php\/wp-json\/wp\/v2\/product\/405"}],"collection":[{"href":"https:\/\/www.quilombhoje.com.br\/livraria\/index.php\/wp-json\/wp\/v2\/product"}],"about":[{"href":"https:\/\/www.quilombhoje.com.br\/livraria\/index.php\/wp-json\/wp\/v2\/types\/product"}],"wp:featuredmedia":[{"embeddable":true,"href":"https:\/\/www.quilombhoje.com.br\/livraria\/index.php\/wp-json\/wp\/v2\/media\/406"}],"wp:attachment":[{"href":"https:\/\/www.quilombhoje.com.br\/livraria\/index.php\/wp-json\/wp\/v2\/media?parent=405"}],"wp:term":[{"taxonomy":"product_cat","embeddable":true,"href":"https:\/\/www.quilombhoje.com.br\/livraria\/index.php\/wp-json\/wp\/v2\/product_cat?post=405"},{"taxonomy":"product_tag","embeddable":true,"href":"https:\/\/www.quilombhoje.com.br\/livraria\/index.php\/wp-json\/wp\/v2\/product_tag?post=405"}],"curies":[{"name":"wp","href":"https:\/\/api.w.org\/{rel}","templated":true}]}}