{"id":403,"date":"2018-03-29T23:52:12","date_gmt":"2018-03-30T02:52:12","guid":{"rendered":"http:\/\/www.quilombhoje.com.br\/livraria\/?post_type=product&#038;p=403"},"modified":"2025-12-05T03:49:30","modified_gmt":"2025-12-05T06:49:30","slug":"frente-negra-brasileira-depoimentos","status":"publish","type":"product","link":"https:\/\/www.quilombhoje.com.br\/livraria\/index.php\/produto\/frente-negra-brasileira-depoimentos\/","title":{"rendered":"Frente Negra Brasileira &#8211; Depoimentos"},"content":{"rendered":"<ul>\n<li><img loading=\"lazy\" class=\"alignnone size-medium wp-image-404\" src=\"http:\/\/www.quilombhoje.com.br\/livraria\/wp-content\/uploads\/2018\/03\/frentenegra-capa-200x300.png\" alt=\"\" width=\"200\" height=\"300\" srcset=\"https:\/\/www.quilombhoje.com.br\/livraria\/wp-content\/uploads\/2018\/03\/frentenegra-capa-200x300.png 200w, https:\/\/www.quilombhoje.com.br\/livraria\/wp-content\/uploads\/2018\/03\/frentenegra-capa-67x100.png 67w, https:\/\/www.quilombhoje.com.br\/livraria\/wp-content\/uploads\/2018\/03\/frentenegra-capa-768x1153.png 768w, https:\/\/www.quilombhoje.com.br\/livraria\/wp-content\/uploads\/2018\/03\/frentenegra-capa-682x1024.png 682w, https:\/\/www.quilombhoje.com.br\/livraria\/wp-content\/uploads\/2018\/03\/frentenegra-capa-500x750.png 500w, https:\/\/www.quilombhoje.com.br\/livraria\/wp-content\/uploads\/2018\/03\/frentenegra-capa.png 1102w\" sizes=\"(max-width: 200px) 100vw, 200px\" \/><\/li>\n<\/ul>\n<p>O pagamento deste livro pode ser feito por boleto. O livro ser\u00e1 enviado ap\u00f3s a compensa\u00e7\u00e3o do boleto.<\/p>\n","protected":false},"excerpt":{"rendered":"<blockquote><p>As entrevistas e textos s\u00e3o de M\u00e1rcio Barbosa.<\/p><\/blockquote>\n<p>Os depoentes s\u00e3o: Aristides Barbosa, Francisco Lucr\u00e9cio, Jos\u00e9 Correia Leite, Marcello Orlando Ribeiro e Placidino Damaceno Motta.<\/p>\n<p>Livro que traz entrevistas e textos com cinco ex-participantes da Frente Negra, importante organiza\u00e7\u00e3o que durante a d\u00e9cada de 30 teve proje\u00e7\u00e3o nacional, contribuindo para v\u00e1rias conquistas dos afrodescendentes no pa\u00eds, constituindo-se, inclusive, no primeiro partido pol\u00edtico negro brasileiro.<\/p>\n<p>Frente Negra Brasileira \u2013 Depoimentos coloca em foco a vida de pessoas que fizeram hist\u00f3ria e ilumina uma parte do passado do povo afro-brasileiro, resgatando sua mem\u00f3ria.<br \/>\nFixar a mem\u00f3ria n\u00e3o significa necessariamente afirmar o passado em detrimento do presente, mas sim recuperar aspectos que possam nos ajudar a olhar com mais confian\u00e7a para o futuro, pois como revela um prov\u00e9rbio africano: \u201cQuebre as suas correntes e voc\u00ea ser\u00e1 livre, corte as suas ra\u00edzes e voc\u00ea morre\u201d.<\/p>\n<p>Fixar nossa mem\u00f3ria significa conhecer um pouco mais de n\u00f3s mesmos, enquanto povo e enquanto produtores de cultura e de civiliza\u00e7\u00e3o.<\/p>\n","protected":false},"featured_media":404,"template":"","meta":[],"product_cat":[36],"product_tag":[32,59,58,64,60,22],"_links":{"self":[{"href":"https:\/\/www.quilombhoje.com.br\/livraria\/index.php\/wp-json\/wp\/v2\/product\/403"}],"collection":[{"href":"https:\/\/www.quilombhoje.com.br\/livraria\/index.php\/wp-json\/wp\/v2\/product"}],"about":[{"href":"https:\/\/www.quilombhoje.com.br\/livraria\/index.php\/wp-json\/wp\/v2\/types\/product"}],"wp:featuredmedia":[{"embeddable":true,"href":"https:\/\/www.quilombhoje.com.br\/livraria\/index.php\/wp-json\/wp\/v2\/media\/404"}],"wp:attachment":[{"href":"https:\/\/www.quilombhoje.com.br\/livraria\/index.php\/wp-json\/wp\/v2\/media?parent=403"}],"wp:term":[{"taxonomy":"product_cat","embeddable":true,"href":"https:\/\/www.quilombhoje.com.br\/livraria\/index.php\/wp-json\/wp\/v2\/product_cat?post=403"},{"taxonomy":"product_tag","embeddable":true,"href":"https:\/\/www.quilombhoje.com.br\/livraria\/index.php\/wp-json\/wp\/v2\/product_tag?post=403"}],"curies":[{"name":"wp","href":"https:\/\/api.w.org\/{rel}","templated":true}]}}