{"id":401,"date":"2018-03-29T23:46:10","date_gmt":"2018-03-30T02:46:10","guid":{"rendered":"http:\/\/www.quilombhoje.com.br\/livraria\/?post_type=product&#038;p=401"},"modified":"2023-08-24T13:18:11","modified_gmt":"2023-08-24T16:18:11","slug":"orukomi-meu-nome","status":"publish","type":"product","link":"https:\/\/www.quilombhoje.com.br\/livraria\/index.php\/produto\/orukomi-meu-nome\/","title":{"rendered":"Orukomi &#8211; Meu Nome"},"content":{"rendered":"<p><img loading=\"lazy\" class=\"alignnone size-medium wp-image-402\" src=\"http:\/\/www.quilombhoje.com.br\/livraria\/wp-content\/uploads\/2018\/03\/orukomi-capa-200x300.png\" alt=\"\" width=\"200\" height=\"300\" srcset=\"https:\/\/www.quilombhoje.com.br\/livraria\/wp-content\/uploads\/2018\/03\/orukomi-capa-200x300.png 200w, https:\/\/www.quilombhoje.com.br\/livraria\/wp-content\/uploads\/2018\/03\/orukomi-capa-67x100.png 67w, https:\/\/www.quilombhoje.com.br\/livraria\/wp-content\/uploads\/2018\/03\/orukomi-capa-768x1153.png 768w, https:\/\/www.quilombhoje.com.br\/livraria\/wp-content\/uploads\/2018\/03\/orukomi-capa-682x1024.png 682w, https:\/\/www.quilombhoje.com.br\/livraria\/wp-content\/uploads\/2018\/03\/orukomi-capa-500x750.png 500w, https:\/\/www.quilombhoje.com.br\/livraria\/wp-content\/uploads\/2018\/03\/orukomi-capa.png 1102w\" sizes=\"(max-width: 200px) 100vw, 200px\" \/><br \/>\nEste livro pode ser pago com boleto. O envio ocorrer\u00e1 ap\u00f3s a compensa\u00e7\u00e3o do boleto.<\/p>\n","protected":false},"excerpt":{"rendered":"<p>Em Orukomi, um menino com nome afro recebe de um contador de hist\u00f3rias informa\u00e7\u00f5es sobre um pa\u00eds no continente africano. Esse mesmo fio m\u00e1gico de contar hist\u00f3rias o convida a conhecer a hist\u00f3ria de seus antepassados e, sobretudo, a conhecer sobre a riqueza cultural africana.<\/p>\n<p>Este livro abre a porta do conhecimento, por meio de curiosidades e testes que agu\u00e7am ainda mais a vontade aprender sobre a influ\u00eancia africana na cultura brasileira. Al\u00e9m de entreter e divertir, traz informa\u00e7\u00f5es que dever\u00e3o beneficiar estudantes e professores em cumprimento \u00e0 lei 10.639\/03.<\/p>\n","protected":false},"featured_media":402,"template":"","meta":[],"product_cat":[19],"product_tag":[34,57,56],"_links":{"self":[{"href":"https:\/\/www.quilombhoje.com.br\/livraria\/index.php\/wp-json\/wp\/v2\/product\/401"}],"collection":[{"href":"https:\/\/www.quilombhoje.com.br\/livraria\/index.php\/wp-json\/wp\/v2\/product"}],"about":[{"href":"https:\/\/www.quilombhoje.com.br\/livraria\/index.php\/wp-json\/wp\/v2\/types\/product"}],"wp:featuredmedia":[{"embeddable":true,"href":"https:\/\/www.quilombhoje.com.br\/livraria\/index.php\/wp-json\/wp\/v2\/media\/402"}],"wp:attachment":[{"href":"https:\/\/www.quilombhoje.com.br\/livraria\/index.php\/wp-json\/wp\/v2\/media?parent=401"}],"wp:term":[{"taxonomy":"product_cat","embeddable":true,"href":"https:\/\/www.quilombhoje.com.br\/livraria\/index.php\/wp-json\/wp\/v2\/product_cat?post=401"},{"taxonomy":"product_tag","embeddable":true,"href":"https:\/\/www.quilombhoje.com.br\/livraria\/index.php\/wp-json\/wp\/v2\/product_tag?post=401"}],"curies":[{"name":"wp","href":"https:\/\/api.w.org\/{rel}","templated":true}]}}