{"id":399,"date":"2018-03-29T23:27:46","date_gmt":"2018-03-30T02:27:46","guid":{"rendered":"http:\/\/www.quilombhoje.com.br\/livraria\/?post_type=product&#038;p=399"},"modified":"2021-04-08T02:26:42","modified_gmt":"2021-04-08T05:26:42","slug":"as-coisas-simples-da-vida","status":"publish","type":"product","link":"https:\/\/www.quilombhoje.com.br\/livraria\/index.php\/produto\/as-coisas-simples-da-vida\/","title":{"rendered":"As Coisas Simples da Vida"},"content":{"rendered":"<p><img loading=\"lazy\" class=\"alignnone size-medium wp-image-400\" src=\"http:\/\/www.quilombhoje.com.br\/livraria\/wp-content\/uploads\/2018\/03\/ascoisasimples-capa-200x300.png\" alt=\"\" width=\"200\" height=\"300\" srcset=\"https:\/\/www.quilombhoje.com.br\/livraria\/wp-content\/uploads\/2018\/03\/ascoisasimples-capa-200x300.png 200w, https:\/\/www.quilombhoje.com.br\/livraria\/wp-content\/uploads\/2018\/03\/ascoisasimples-capa-67x100.png 67w, https:\/\/www.quilombhoje.com.br\/livraria\/wp-content\/uploads\/2018\/03\/ascoisasimples-capa-768x1153.png 768w, https:\/\/www.quilombhoje.com.br\/livraria\/wp-content\/uploads\/2018\/03\/ascoisasimples-capa-682x1024.png 682w, https:\/\/www.quilombhoje.com.br\/livraria\/wp-content\/uploads\/2018\/03\/ascoisasimples-capa-500x750.png 500w, https:\/\/www.quilombhoje.com.br\/livraria\/wp-content\/uploads\/2018\/03\/ascoisasimples-capa.png 1102w\" sizes=\"(max-width: 200px) 100vw, 200px\" \/><br \/>\nEste livro pode ser pago com boleto. O envio ocorrer\u00e1 ap\u00f3s a compensa\u00e7\u00e3o do boleto.\u00a0Obs.:<span class=\"Apple-converted-space\">\u00a0 <\/span>\u00c9 um livro de nossa parceira e pode demorar de um a dois dias a mais para chegar.<\/p>\n","protected":false},"excerpt":{"rendered":"<p>Livro infanto-juvenil de Elaine Marcelina, com ilustra\u00e7\u00f5es de Gleiciane Dias, publicado pela editora Nandyala.<\/p>\n","protected":false},"featured_media":400,"template":"","meta":[],"product_cat":[19],"product_tag":[34],"_links":{"self":[{"href":"https:\/\/www.quilombhoje.com.br\/livraria\/index.php\/wp-json\/wp\/v2\/product\/399"}],"collection":[{"href":"https:\/\/www.quilombhoje.com.br\/livraria\/index.php\/wp-json\/wp\/v2\/product"}],"about":[{"href":"https:\/\/www.quilombhoje.com.br\/livraria\/index.php\/wp-json\/wp\/v2\/types\/product"}],"wp:featuredmedia":[{"embeddable":true,"href":"https:\/\/www.quilombhoje.com.br\/livraria\/index.php\/wp-json\/wp\/v2\/media\/400"}],"wp:attachment":[{"href":"https:\/\/www.quilombhoje.com.br\/livraria\/index.php\/wp-json\/wp\/v2\/media?parent=399"}],"wp:term":[{"taxonomy":"product_cat","embeddable":true,"href":"https:\/\/www.quilombhoje.com.br\/livraria\/index.php\/wp-json\/wp\/v2\/product_cat?post=399"},{"taxonomy":"product_tag","embeddable":true,"href":"https:\/\/www.quilombhoje.com.br\/livraria\/index.php\/wp-json\/wp\/v2\/product_tag?post=399"}],"curies":[{"name":"wp","href":"https:\/\/api.w.org\/{rel}","templated":true}]}}