{"id":397,"date":"2018-03-29T23:16:02","date_gmt":"2018-03-30T02:16:02","guid":{"rendered":"http:\/\/www.quilombhoje.com.br\/livraria\/?post_type=product&#038;p=397"},"modified":"2023-08-24T13:13:28","modified_gmt":"2023-08-24T16:13:28","slug":"zumbi-o-pequeno-guerreiro","status":"publish","type":"product","link":"https:\/\/www.quilombhoje.com.br\/livraria\/index.php\/produto\/zumbi-o-pequeno-guerreiro\/","title":{"rendered":"Zumbi &#8211; o Pequeno Guerreiro"},"content":{"rendered":"<p><img loading=\"lazy\" class=\"alignnone size-medium wp-image-398\" src=\"http:\/\/www.quilombhoje.com.br\/livraria\/wp-content\/uploads\/2018\/03\/zumbi-capa-200x300.png\" alt=\"\" width=\"200\" height=\"300\" srcset=\"https:\/\/www.quilombhoje.com.br\/livraria\/wp-content\/uploads\/2018\/03\/zumbi-capa-200x300.png 200w, https:\/\/www.quilombhoje.com.br\/livraria\/wp-content\/uploads\/2018\/03\/zumbi-capa-67x100.png 67w, https:\/\/www.quilombhoje.com.br\/livraria\/wp-content\/uploads\/2018\/03\/zumbi-capa-768x1153.png 768w, https:\/\/www.quilombhoje.com.br\/livraria\/wp-content\/uploads\/2018\/03\/zumbi-capa-682x1024.png 682w, https:\/\/www.quilombhoje.com.br\/livraria\/wp-content\/uploads\/2018\/03\/zumbi-capa-500x750.png 500w, https:\/\/www.quilombhoje.com.br\/livraria\/wp-content\/uploads\/2018\/03\/zumbi-capa.png 1102w\" sizes=\"(max-width: 200px) 100vw, 200px\" \/><\/p>\n<p>Zumbi \u00e9 um pequeno livro que tem feito muito sucesso com as crian\u00e7as.<\/p>\n<p>O prazo de envio deste livro \u00e9 de at\u00e9 dois dias a mais devido ao fato de ser sob encomenda. O livro pode ser pago com boleto. O envio ocorrer\u00e1 ap\u00f3s a compensa\u00e7\u00e3o do boleto.<\/p>\n","protected":false},"excerpt":{"rendered":"<p>Esta pequena obra de fic\u00e7\u00e3o inspira-se na vida de Zumbi dos Palmares para mostrar a import\u00e2ncia de coisas como liberdade e paz.<\/p>\n<p>Os pequenos Zumbi e Dandara veem o quilombo em que moram ser atacado. Ali as pessoas vivem em liberdade e os dois s\u00e3o felizes. Mas eles v\u00e3o precisar decidir entre ajudar os moradores, ou fugir.<\/p>\n<p>As bel\u00edssimas ilustra\u00e7\u00f5es de Edmilson Q. Reis levam o leitor para dentro dessa hist\u00f3ria em que se misturam coragem e uma pitada da magia que a lembran\u00e7a da ancestralidade proporciona.<\/p>\n<p>O autor Kayod\u00ea diz que escrever o livro \u201cfoi um desafio e um prazer. Imaginar um Zumbi crian\u00e7a foi muito divertido\u201d.<\/p>\n<p>Este livro convida o leitor a fazer uma pequena viagem e traz subs\u00eddios para se conhecer um pouco mais a hist\u00f3ria afro-brasileira.<\/p>\n<p>Obs.: o prazo de envio \u00e9 de at\u00e9 dois dias \u00fateis mais o prazo do correio.<\/p>\n","protected":false},"featured_media":398,"template":"","meta":[],"product_cat":[19],"product_tag":[34,55],"_links":{"self":[{"href":"https:\/\/www.quilombhoje.com.br\/livraria\/index.php\/wp-json\/wp\/v2\/product\/397"}],"collection":[{"href":"https:\/\/www.quilombhoje.com.br\/livraria\/index.php\/wp-json\/wp\/v2\/product"}],"about":[{"href":"https:\/\/www.quilombhoje.com.br\/livraria\/index.php\/wp-json\/wp\/v2\/types\/product"}],"wp:featuredmedia":[{"embeddable":true,"href":"https:\/\/www.quilombhoje.com.br\/livraria\/index.php\/wp-json\/wp\/v2\/media\/398"}],"wp:attachment":[{"href":"https:\/\/www.quilombhoje.com.br\/livraria\/index.php\/wp-json\/wp\/v2\/media?parent=397"}],"wp:term":[{"taxonomy":"product_cat","embeddable":true,"href":"https:\/\/www.quilombhoje.com.br\/livraria\/index.php\/wp-json\/wp\/v2\/product_cat?post=397"},{"taxonomy":"product_tag","embeddable":true,"href":"https:\/\/www.quilombhoje.com.br\/livraria\/index.php\/wp-json\/wp\/v2\/product_tag?post=397"}],"curies":[{"name":"wp","href":"https:\/\/api.w.org\/{rel}","templated":true}]}}