{"id":391,"date":"2018-03-29T22:23:50","date_gmt":"2018-03-30T01:23:50","guid":{"rendered":"http:\/\/www.quilombhoje.com.br\/livraria\/?post_type=product&#038;p=391"},"modified":"2021-03-22T22:49:38","modified_gmt":"2021-03-23T01:49:38","slug":"lapis-de-cor","status":"publish","type":"product","link":"https:\/\/www.quilombhoje.com.br\/livraria\/index.php\/produto\/lapis-de-cor\/","title":{"rendered":"L\u00e1pis de cor"},"content":{"rendered":"<p><img loading=\"lazy\" class=\"alignnone size-medium wp-image-394\" src=\"http:\/\/www.quilombhoje.com.br\/livraria\/wp-content\/uploads\/2018\/03\/lapis-de-cor-capa-200x300.png\" alt=\"\" width=\"200\" height=\"300\" srcset=\"https:\/\/www.quilombhoje.com.br\/livraria\/wp-content\/uploads\/2018\/03\/lapis-de-cor-capa-200x300.png 200w, https:\/\/www.quilombhoje.com.br\/livraria\/wp-content\/uploads\/2018\/03\/lapis-de-cor-capa-67x100.png 67w, https:\/\/www.quilombhoje.com.br\/livraria\/wp-content\/uploads\/2018\/03\/lapis-de-cor-capa-768x1153.png 768w, https:\/\/www.quilombhoje.com.br\/livraria\/wp-content\/uploads\/2018\/03\/lapis-de-cor-capa-682x1024.png 682w, https:\/\/www.quilombhoje.com.br\/livraria\/wp-content\/uploads\/2018\/03\/lapis-de-cor-capa-500x750.png 500w, https:\/\/www.quilombhoje.com.br\/livraria\/wp-content\/uploads\/2018\/03\/lapis-de-cor-capa.png 1102w\" sizes=\"(max-width: 200px) 100vw, 200px\" \/><\/p>\n<p>Este \u00e9\u00a0um livro de nossa parceira.<\/p>\n","protected":false},"excerpt":{"rendered":"<p>Livro infanto-juvenil de Madu Costa, com ilustra\u00e7\u00f5es de Josias Marinho, publicado pela editora Nandyala. Ao clicar no bot\u00e3o abaixo voc\u00ea ser\u00e1 levado \u00e0 p\u00e1gina do livro.<\/p>\n","protected":false},"featured_media":394,"template":"","meta":[],"product_cat":[19],"product_tag":[34,33],"_links":{"self":[{"href":"https:\/\/www.quilombhoje.com.br\/livraria\/index.php\/wp-json\/wp\/v2\/product\/391"}],"collection":[{"href":"https:\/\/www.quilombhoje.com.br\/livraria\/index.php\/wp-json\/wp\/v2\/product"}],"about":[{"href":"https:\/\/www.quilombhoje.com.br\/livraria\/index.php\/wp-json\/wp\/v2\/types\/product"}],"wp:featuredmedia":[{"embeddable":true,"href":"https:\/\/www.quilombhoje.com.br\/livraria\/index.php\/wp-json\/wp\/v2\/media\/394"}],"wp:attachment":[{"href":"https:\/\/www.quilombhoje.com.br\/livraria\/index.php\/wp-json\/wp\/v2\/media?parent=391"}],"wp:term":[{"taxonomy":"product_cat","embeddable":true,"href":"https:\/\/www.quilombhoje.com.br\/livraria\/index.php\/wp-json\/wp\/v2\/product_cat?post=391"},{"taxonomy":"product_tag","embeddable":true,"href":"https:\/\/www.quilombhoje.com.br\/livraria\/index.php\/wp-json\/wp\/v2\/product_tag?post=391"}],"curies":[{"name":"wp","href":"https:\/\/api.w.org\/{rel}","templated":true}]}}