{"id":390,"date":"2018-03-29T22:23:49","date_gmt":"2018-03-30T01:23:49","guid":{"rendered":"http:\/\/www.quilombhoje.com.br\/livraria\/?post_type=product&#038;p=390"},"modified":"2021-03-22T23:11:20","modified_gmt":"2021-03-23T02:11:20","slug":"a-verdadeira-historia-do-saci-perere-copia","status":"publish","type":"product","link":"https:\/\/www.quilombhoje.com.br\/livraria\/index.php\/produto\/a-verdadeira-historia-do-saci-perere-copia\/","title":{"rendered":"A &#8220;verdadeira&#8221; hist\u00f3ria do Saci Perer\u00ea (c\u00f3pia)"},"content":{"rendered":"<p><img loading=\"lazy\" class=\"alignnone size-medium wp-image-232\" src=\"http:\/\/www.quilombhoje.com.br\/livraria\/wp-content\/uploads\/2018\/03\/saci-300x300.jpg\" alt=\"\" width=\"300\" height=\"300\" srcset=\"https:\/\/www.quilombhoje.com.br\/livraria\/wp-content\/uploads\/2018\/03\/saci-300x300.jpg 300w, https:\/\/www.quilombhoje.com.br\/livraria\/wp-content\/uploads\/2018\/03\/saci-100x100.jpg 100w, https:\/\/www.quilombhoje.com.br\/livraria\/wp-content\/uploads\/2018\/03\/saci-150x150.jpg 150w, https:\/\/www.quilombhoje.com.br\/livraria\/wp-content\/uploads\/2018\/03\/saci-324x324.jpg 324w, https:\/\/www.quilombhoje.com.br\/livraria\/wp-content\/uploads\/2018\/03\/saci-5x5.jpg 5w, https:\/\/www.quilombhoje.com.br\/livraria\/wp-content\/uploads\/2018\/03\/saci.jpg 346w\" sizes=\"(max-width: 300px) 100vw, 300px\" \/><\/p>\n<p>Este \u00e9 um livro de nossa parceira.<\/p>\n","protected":false},"excerpt":{"rendered":"<p>Livro infanto-juvenil de\u00a0Iris Am\u00e2ncio e Anderson Feliciano publicado pela editora Nandyala. Ao clicar no bot\u00e3o abaixo voc\u00ea ser\u00e1 direcionado(a) \u00e0 p\u00e1gina da Nandyala.<\/p>\n","protected":false},"featured_media":387,"template":"","meta":[],"product_cat":[19],"product_tag":[34,33],"_links":{"self":[{"href":"https:\/\/www.quilombhoje.com.br\/livraria\/index.php\/wp-json\/wp\/v2\/product\/390"}],"collection":[{"href":"https:\/\/www.quilombhoje.com.br\/livraria\/index.php\/wp-json\/wp\/v2\/product"}],"about":[{"href":"https:\/\/www.quilombhoje.com.br\/livraria\/index.php\/wp-json\/wp\/v2\/types\/product"}],"wp:featuredmedia":[{"embeddable":true,"href":"https:\/\/www.quilombhoje.com.br\/livraria\/index.php\/wp-json\/wp\/v2\/media\/387"}],"wp:attachment":[{"href":"https:\/\/www.quilombhoje.com.br\/livraria\/index.php\/wp-json\/wp\/v2\/media?parent=390"}],"wp:term":[{"taxonomy":"product_cat","embeddable":true,"href":"https:\/\/www.quilombhoje.com.br\/livraria\/index.php\/wp-json\/wp\/v2\/product_cat?post=390"},{"taxonomy":"product_tag","embeddable":true,"href":"https:\/\/www.quilombhoje.com.br\/livraria\/index.php\/wp-json\/wp\/v2\/product_tag?post=390"}],"curies":[{"name":"wp","href":"https:\/\/api.w.org\/{rel}","templated":true}]}}