{"id":202,"date":"2018-03-08T21:23:31","date_gmt":"2018-03-09T00:23:31","guid":{"rendered":"http:\/\/www.quilombhoje.com.br\/livraria\/?post_type=product&#038;p=202"},"modified":"2022-03-10T13:40:40","modified_gmt":"2022-03-10T16:40:40","slug":"jovem-afro-antologia-literaria","status":"publish","type":"product","link":"https:\/\/www.quilombhoje.com.br\/livraria\/index.php\/produto\/jovem-afro-antologia-literaria\/","title":{"rendered":"Jovem Afro &#8211; Antologia Liter\u00e1ria"},"content":{"rendered":"<blockquote><p><img loading=\"lazy\" class=\"alignnone size-medium wp-image-298\" src=\"http:\/\/www.quilombhoje.com.br\/livraria\/wp-content\/uploads\/2018\/03\/JovemAfro-capa-1-200x300.jpg\" alt=\"\" width=\"200\" height=\"300\" \/><\/p><\/blockquote>\n<p>O pagamento deste livro pode ser feito por boleto. O livro ser\u00e1 enviado ap\u00f3s a compensa\u00e7\u00e3o do boleto.<\/p>\n","protected":false},"excerpt":{"rendered":"<p>Livro de contos e poemas de 14 jovens autores (Andr\u00e9 Edson, Bruna Tamires, Caio Lafaiete, Douglas Rosa, Duan Kissonde, Igor Gomes, Juliane Vicente, Poeta com P de Preto, Raquel Garcia, Trix, Tuanny Medeiros, Ventura Profana, Vitor Duarte, Zainne Lima) de v\u00e1rios estados brasileiros. O livro mostra que a produ\u00e7\u00e3o liter\u00e1ria afro vem se renovando na escrita desses jovens.<br \/>\nO livro traz tamb\u00e9m ilustra\u00e7\u00f5es e HQs de Bruno Gabiru, Juni\u00e3o, Denise Silva, Dandara Alves, Rodrigo C\u00e2ndido, Kayod\u00ea.<\/p>\n<p>&nbsp;<\/p>\n","protected":false},"featured_media":363,"template":"","meta":[],"product_cat":[18,17,30],"product_tag":[32,31,22],"_links":{"self":[{"href":"https:\/\/www.quilombhoje.com.br\/livraria\/index.php\/wp-json\/wp\/v2\/product\/202"}],"collection":[{"href":"https:\/\/www.quilombhoje.com.br\/livraria\/index.php\/wp-json\/wp\/v2\/product"}],"about":[{"href":"https:\/\/www.quilombhoje.com.br\/livraria\/index.php\/wp-json\/wp\/v2\/types\/product"}],"wp:featuredmedia":[{"embeddable":true,"href":"https:\/\/www.quilombhoje.com.br\/livraria\/index.php\/wp-json\/wp\/v2\/media\/363"}],"wp:attachment":[{"href":"https:\/\/www.quilombhoje.com.br\/livraria\/index.php\/wp-json\/wp\/v2\/media?parent=202"}],"wp:term":[{"taxonomy":"product_cat","embeddable":true,"href":"https:\/\/www.quilombhoje.com.br\/livraria\/index.php\/wp-json\/wp\/v2\/product_cat?post=202"},{"taxonomy":"product_tag","embeddable":true,"href":"https:\/\/www.quilombhoje.com.br\/livraria\/index.php\/wp-json\/wp\/v2\/product_tag?post=202"}],"curies":[{"name":"wp","href":"https:\/\/api.w.org\/{rel}","templated":true}]}}