{"id":2,"date":"2010-02-22T16:03:50","date_gmt":"2010-02-22T16:03:50","guid":{"rendered":"http:\/\/www.quilombhoje.com.br\/blog\/?page_id=2"},"modified":"2010-02-22T18:02:40","modified_gmt":"2010-02-22T18:02:40","slug":"sobre","status":"publish","type":"page","link":"https:\/\/www.quilombhoje.com.br\/blog\/?page_id=2","title":{"rendered":"Sobre"},"content":{"rendered":"<div id=\"tweetbutton2\" class=\"tw_button\" style=\"\"><a href=\"http:\/\/twitter.com\/share?url=https%3A%2F%2Fwww.quilombhoje.com.br%2Fblog%2F%3Fpage_id%3D2&amp;text=Sobre&amp;related=&amp;lang=en&amp;count=horizontal&amp;counturl=https%3A%2F%2Fwww.quilombhoje.com.br%2Fblog%2F%3Fpage_id%3D2\" class=\"twitter-share-button\"  style=\"width:55px;height:22px;background:transparent url('https:\/\/www.quilombhoje.com.br\/blog\/wp-content\/plugins\/wp-tweet-button\/tweetn.png') no-repeat  0 0;text-align:left;text-indent:-9999px;display:block;\">Tweet<\/a><\/div><div id=\"fcbk_share\"><div class=\"fcbk_button\">\n\t\t\t\t\t\t\t<a href=\"http:\/\/www.facebook.com\/\"\ttarget=\"_blank\">\n\t\t\t\t\t\t\t\t<img decoding=\"async\" src=\"http:\/\/www.quilombhoje.com.br\/blog\/wp-content\/plugins\/facebook-button-plugin\/img\/standart-facebook-ico.png\" alt=\"Fb-Button\" \/>\n\t\t\t\t\t\t\t<\/a>\n\t\t\t\t\t\t<\/div><div class=\"fcbk_like\">\n\t\t\t\t\t\t\t<div id=\"fb-root\"><\/div>\n\t\t\t\t\t\t\t<script src=\"http:\/\/connect.facebook.net\/pt_BR\/all.js#appId=224313110927811&amp;xfbml=1\"><\/script>\n\t\t\t\t\t\t\t<fb:like href=\"https:\/\/www.quilombhoje.com.br\/blog\/?page_id=2\" send=\"false\" layout=\"button_count\" width=\"450\" show_faces=\"false\" font=\"\"><\/fb:like>\n\t\t\t\t\t\t<\/div><\/div><p>Este \u00e9 um espa\u00e7o para informes, coment\u00e1rios e outras ideias sobre temas e fatos que ocupam a mente dos quilombhojeiros.<\/p>\n<p><\/p>","protected":false},"excerpt":{"rendered":"<div id=\"tweetbutton2\" class=\"tw_button\" style=\"\"><a href=\"http:\/\/twitter.com\/share?url=https%3A%2F%2Fwww.quilombhoje.com.br%2Fblog%2F%3Fpage_id%3D2&amp;text=Sobre&amp;related=&amp;lang=en&amp;count=horizontal&amp;counturl=https%3A%2F%2Fwww.quilombhoje.com.br%2Fblog%2F%3Fpage_id%3D2\" class=\"twitter-share-button\"  style=\"width:55px;height:22px;background:transparent url('https:\/\/www.quilombhoje.com.br\/blog\/wp-content\/plugins\/wp-tweet-button\/tweetn.png') no-repeat  0 0;text-align:left;text-indent:-9999px;display:block;\">Tweet<\/a><\/div><p>Tweet Este \u00e9 um espa\u00e7o para informes, coment\u00e1rios e outras ideias sobre temas e fatos que ocupam a mente dos quilombhojeiros.<\/p>\n","protected":false},"author":1,"featured_media":0,"parent":0,"menu_order":0,"comment_status":"open","ping_status":"open","template":"","meta":{"footnotes":""},"yoast_head":"<!-- This site is optimized with the Yoast SEO plugin v16.4 - https:\/\/yoast.com\/wordpress\/plugins\/seo\/ -->\n<meta name=\"robots\" content=\"index, follow, max-snippet:-1, max-image-preview:large, max-video-preview:-1\" \/>\n<link rel=\"canonical\" href=\"https:\/\/www.quilombhoje.com.br\/blog\/?page_id=2\" \/>\n<meta property=\"og:locale\" content=\"pt_BR\" \/>\n<meta property=\"og:type\" content=\"article\" \/>\n<meta property=\"og:title\" content=\"Sobre &bull; QUILOMBHOJE\" \/>\n<meta property=\"og:description\" content=\"Tweet Este \u00e9 um espa\u00e7o para informes, coment\u00e1rios e outras ideias sobre temas e fatos que ocupam a mente dos quilombhojeiros.\" \/>\n<meta property=\"og:url\" content=\"https:\/\/www.quilombhoje.com.br\/blog\/?page_id=2\" \/>\n<meta property=\"og:site_name\" content=\"QUILOMBHOJE\" \/>\n<meta property=\"article:modified_time\" content=\"2010-02-22T18:02:40+00:00\" \/>\n<meta name=\"twitter:card\" content=\"summary_large_image\" \/>\n<script type=\"application\/ld+json\" class=\"yoast-schema-graph\">{\"@context\":\"https:\/\/schema.org\",\"@graph\":[{\"@type\":[\"Person\",\"Organization\"],\"@id\":\"https:\/\/www.quilombhoje.com.br\/blog\/#\/schema\/person\/ea696b395b5ec25575d4b2865cbc75a9\",\"name\":\"Marcio\",\"image\":{\"@type\":\"ImageObject\",\"@id\":\"https:\/\/www.quilombhoje.com.br\/blog\/#personlogo\",\"inLanguage\":\"pt-BR\",\"url\":\"https:\/\/secure.gravatar.com\/avatar\/7acc8449b30cfc81f163f831185a6f28?s=96&d=mm&r=g\",\"contentUrl\":\"https:\/\/secure.gravatar.com\/avatar\/7acc8449b30cfc81f163f831185a6f28?s=96&d=mm&r=g\",\"caption\":\"Marcio\"},\"logo\":{\"@id\":\"https:\/\/www.quilombhoje.com.br\/blog\/#personlogo\"}},{\"@type\":\"WebSite\",\"@id\":\"https:\/\/www.quilombhoje.com.br\/blog\/#website\",\"url\":\"https:\/\/www.quilombhoje.com.br\/blog\/\",\"name\":\"blog Quilombhoje\",\"description\":\"Informes, coment\\u00e1rios e outras coisas\",\"publisher\":{\"@id\":\"https:\/\/www.quilombhoje.com.br\/blog\/#\/schema\/person\/ea696b395b5ec25575d4b2865cbc75a9\"},\"potentialAction\":[{\"@type\":\"SearchAction\",\"target\":\"https:\/\/www.quilombhoje.com.br\/blog\/?s={search_term_string}\",\"query-input\":\"required name=search_term_string\"}],\"inLanguage\":\"pt-BR\"},{\"@type\":\"WebPage\",\"@id\":\"https:\/\/www.quilombhoje.com.br\/blog\/?page_id=2#webpage\",\"url\":\"https:\/\/www.quilombhoje.com.br\/blog\/?page_id=2\",\"name\":\"Sobre &bull; QUILOMBHOJE\",\"isPartOf\":{\"@id\":\"https:\/\/www.quilombhoje.com.br\/blog\/#website\"},\"datePublished\":\"2010-02-22T16:03:50+00:00\",\"dateModified\":\"2010-02-22T18:02:40+00:00\",\"breadcrumb\":{\"@id\":\"https:\/\/www.quilombhoje.com.br\/blog\/?page_id=2#breadcrumb\"},\"inLanguage\":\"pt-BR\",\"potentialAction\":[{\"@type\":\"ReadAction\",\"target\":[\"https:\/\/www.quilombhoje.com.br\/blog\/?page_id=2\"]}]},{\"@type\":\"BreadcrumbList\",\"@id\":\"https:\/\/www.quilombhoje.com.br\/blog\/?page_id=2#breadcrumb\",\"itemListElement\":[{\"@type\":\"ListItem\",\"position\":1,\"item\":{\"@type\":\"WebPage\",\"@id\":\"https:\/\/www.quilombhoje.com.br\/blog\/\",\"url\":\"https:\/\/www.quilombhoje.com.br\/blog\/\",\"name\":\"In\\u00edcio\"}},{\"@type\":\"ListItem\",\"position\":2,\"item\":{\"@id\":\"https:\/\/www.quilombhoje.com.br\/blog\/?page_id=2#webpage\"}}]}]}<\/script>\n<!-- \/ Yoast SEO plugin. -->","_links":{"self":[{"href":"https:\/\/www.quilombhoje.com.br\/blog\/index.php?rest_route=\/wp\/v2\/pages\/2"}],"collection":[{"href":"https:\/\/www.quilombhoje.com.br\/blog\/index.php?rest_route=\/wp\/v2\/pages"}],"about":[{"href":"https:\/\/www.quilombhoje.com.br\/blog\/index.php?rest_route=\/wp\/v2\/types\/page"}],"author":[{"embeddable":true,"href":"https:\/\/www.quilombhoje.com.br\/blog\/index.php?rest_route=\/wp\/v2\/users\/1"}],"replies":[{"embeddable":true,"href":"https:\/\/www.quilombhoje.com.br\/blog\/index.php?rest_route=%2Fwp%2Fv2%2Fcomments&post=2"}],"version-history":[{"count":2,"href":"https:\/\/www.quilombhoje.com.br\/blog\/index.php?rest_route=\/wp\/v2\/pages\/2\/revisions"}],"predecessor-version":[{"id":10,"href":"https:\/\/www.quilombhoje.com.br\/blog\/index.php?rest_route=\/wp\/v2\/pages\/2\/revisions\/10"}],"wp:attachment":[{"href":"https:\/\/www.quilombhoje.com.br\/blog\/index.php?rest_route=%2Fwp%2Fv2%2Fmedia&parent=2"}],"curies":[{"name":"wp","href":"https:\/\/api.w.org\/{rel}","templated":true}]}}